{"id":5205,"date":"2024-02-28T09:31:21","date_gmt":"2024-02-28T08:31:21","guid":{"rendered":"https:\/\/addomo.es\/politica-de-privacidad\/"},"modified":"2024-09-13T15:13:16","modified_gmt":"2024-09-13T14:13:16","slug":"politica-de-privacidad","status":"publish","type":"page","link":"https:\/\/addomo.es\/gl\/politica-de-privacidad\/","title":{"rendered":"Pol\u00edtica de Privacidade"},"content":{"rendered":"<p>[et_pb_section fb_built=&#8221;1&#8243; _builder_version=&#8221;4.16&#8243; global_colors_info=&#8221;{}&#8221;][et_pb_row _builder_version=&#8221;4.16&#8243; background_size=&#8221;initial&#8221; background_position=&#8221;top_left&#8221; background_repeat=&#8221;repeat&#8221; global_colors_info=&#8221;{}&#8221;][et_pb_column type=&#8221;4_4&#8243; _builder_version=&#8221;4.16&#8243; custom_padding=&#8221;|||&#8221; global_colors_info=&#8221;{}&#8221; custom_padding__hover=&#8221;|||&#8221;][et_pb_text admin_label=&#8221;Pol\u00edtica de Privacidad&#8221; _builder_version=&#8221;4.24.2&#8243; background_size=&#8221;initial&#8221; background_position=&#8221;top_left&#8221; background_repeat=&#8221;repeat&#8221; global_colors_info=&#8221;{}&#8221;]<\/p>\n<h1>Pol\u00edtica de Privacidad<\/h1>\n<p>De conformidad con lo dispuesto en el Reglamento General de Protecci\u00f3n de Datos RGPD UE 679\/2016 y la Ley Org\u00e1nica 3\/2018 de 5 de Diciembre, de Protecci\u00f3n de Datos Personales y Garant\u00eda de los Derechos Digitales, se te facilita la siguiente informaci\u00f3n del tratamiento de tus datos de car\u00e1cter personal.<\/p>\n<p>[\/et_pb_text][et_pb_text admin_label=&#8221;1. \u00bfQui\u00e9n es responsable del tratamiento de tus datos personales?&#8221; _builder_version=&#8221;4.24.2&#8243; background_size=&#8221;initial&#8221; background_position=&#8221;top_left&#8221; background_repeat=&#8221;repeat&#8221; hover_enabled=&#8221;0&#8243; global_colors_info=&#8221;{}&#8221; sticky_enabled=&#8221;0&#8243;]<\/p>\n<h2>1. \u00bfQui\u00e9n es responsable del tratamiento de tus datos personales?<\/h2>\n<ul class=\"ak-ul\" data-pm-slice=\"3 3 []\">\n<li>Responsable del tratamiento: <strong>TENTE CONSRUCCIONES MODULARES SL (ADDOMO)<\/strong> (tambi\u00e9n el prestador)<\/li>\n<li>NIF\/CIF: <strong>B70254255<\/strong><\/li>\n<li>Direcci\u00f3n postal: <strong>Praza Horta de Abaixo, n\u00b02 L6. 15220 Bertamir\u00e1ns, Ames (A Coru\u00f1a)<\/strong><\/li>\n<li>Tel\u00e9fono<strong>: 881 60 70 09<\/strong><\/li>\n<li>Correo electr\u00f3nico: <strong>informacion@addomo.es<\/strong><\/li>\n<\/ul>\n<p>[\/et_pb_text][et_pb_text admin_label=&#8221;2. \u00bfQu\u00e9 datos tratamos?&#8221; _builder_version=&#8221;4.24.2&#8243; background_size=&#8221;initial&#8221; background_position=&#8221;top_left&#8221; background_repeat=&#8221;repeat&#8221; global_colors_info=&#8221;{}&#8221;]<\/p>\n<h2>2. \u00bfQu\u00e9 datos tratamos?<\/h2>\n<p>En <strong>TENTE CONSRUCCIONES MODULARES SL (ADDOMO)<\/strong> tratamos los datos personales facilitados por ti a trav\u00e9s de la cumplimentaci\u00f3n de los formularios habilitados a tal efecto en esta p\u00e1gina web, los datos personales derivados de la prestaci\u00f3n o contrataci\u00f3n de nuestros servicios o productos y\/o los datos personales derivados de la relaci\u00f3n comercial que mantienes con nosotros. Adem\u00e1s, tratamos los datos personales generados en el contexto de su actividad en nuestra p\u00e1gina web, dentro de cuya categor\u00eda se incluyen tus datos de navegaci\u00f3n obtenidos a trav\u00e9s de la p\u00e1gina web.<\/p>\n<p>Es importante para nosotros mantener el registro de tus datos personales actualizado. Tienes la obligaci\u00f3n de mantenernos informados de cualquier cambio o error en tus datos personales tan pronto como sea posible poni\u00e9ndote en contacto con nosotros en el correo electr\u00f3nico: <strong>informacion@addomo.es<\/strong>.<\/p>\n<p>[\/et_pb_text][et_pb_text admin_label=&#8221;3. \u00bfCon qu\u00e9 finalidad tratamos tus datos de car\u00e1cter personal?&#8221; _builder_version=&#8221;4.24.2&#8243; background_size=&#8221;initial&#8221; background_position=&#8221;top_left&#8221; background_repeat=&#8221;repeat&#8221; global_colors_info=&#8221;{}&#8221;]<\/p>\n<h2>3. \u00bfCon qu\u00e9 finalidad tratamos tus datos de car\u00e1cter personal?<\/h2>\n<p data-pm-slice=\"1 1 []\">Finalidad: <strong>TENTE CONSRUCCIONES MODULARES SL (ADDOMO)<\/strong> podr\u00e1 tratar tus datos personales para las siguientes finalidades:<\/p>\n<ul>\n<li style=\"list-style-type: none;\">\n<ul class=\"ak-ul\">\n<li>Gesti\u00f3n y mantenimiento de los servicios proporcionados a trav\u00e9s de la p\u00e1gina web.<\/li>\n<li>Gesti\u00f3n y atenci\u00f3n de las consultas y solicitudes de informaci\u00f3n realizadas por los usuarios a trav\u00e9s del formulario de contacto. La direcci\u00f3n de correo electr\u00f3nico y los datos de car\u00e1cter personal que nos proporcionas a trav\u00e9s del formulario de contacto de la p\u00e1gina web ser\u00e1n utilizados exclusivamente para atender las consultas que nos plantees por este medio.<\/li>\n<li>Cumplimiento de las obligaciones legales aplicables.<\/li>\n<li>Env\u00edo de comunicaciones comerciales y boletines informativos, as\u00ed como publicidad de nuestros servicios y productos.<\/li>\n<li>Gesti\u00f3n de las solicitudes de informaci\u00f3n o solicitudes de presupuestos de nuestros servicios o productos.<\/li>\n<li>En caso de haberlo consentido y con el fin de poder ofrecerte servicios de acuerdo con tus intereses tus datos personales pueden ser utilizados para elaborar un perfil comercial. No se tomar\u00e1n decisiones automatizadas en base a dicho perfil.<\/li>\n<\/ul>\n<\/li>\n<\/ul>\n<p>Conservamos tus datos de car\u00e1cter personal en nuestros sistemas y archivos el tiempo necesario para llevar a cabo los fines del tratamiento, y para cumplir con lo dispuesto en la legislaci\u00f3n aplicable. Se conservar\u00e1n tus datos personales mientras exista una relaci\u00f3n contractual y\/o comercial contigo, o mientras no ejerzas tu derecho de supresi\u00f3n y\/o limitaci\u00f3n del tratamiento de tus datos. El periodo de conservaci\u00f3n de los datos personales variar\u00e1 en funci\u00f3n de los fines del tratamiento y con car\u00e1cter general:<\/p>\n<ul>\n<li style=\"list-style-type: none;\">\n<ul class=\"ak-ul\">\n<li>Los datos personales que nos proporcionas en los supuestos de contrataci\u00f3n de nuestros servicios o productos ser\u00e1n conservados durante la relaci\u00f3n contractual y, una vez finalizada la misma, durante el plazo de prescripci\u00f3n de las acciones legales que se puedan derivar de la misma.<\/li>\n<li>Los datos personales que nos proporcionas para gestionar solicitudes de informaci\u00f3n o consultas a trav\u00e9s del formulario de contacto se conservar\u00e1n mientras no solicites su supresi\u00f3n o cancelaci\u00f3n.<\/li>\n<li>Los datos personales que nos proporcionas para suscribirse a nuestro Newsletter o boletines informativos se conservar\u00e1n mientras no solicites su supresi\u00f3n, oposici\u00f3n y\/o limitaci\u00f3n.<\/li>\n<li>Los datos personales obtenidos de tu navegaci\u00f3n y h\u00e1bitos de consumo, as\u00ed como el perfil comercial obtenido, se conservar\u00e1n mientras no solicites su supresi\u00f3n o cancelaci\u00f3n.<\/li>\n<\/ul>\n<\/li>\n<\/ul>\n<p>Tus datos de car\u00e1cter personal ser\u00e1n conservados mientras sean \u00fatiles para las finalidades indicadas, y, en cualquier caso, durante los plazos legales y el tiempo necesario para atender a posibles responsabilidades nacidas del tratamiento.<\/p>\n<p>[\/et_pb_text][et_pb_text admin_label=&#8221;4. Seguridad de los datos&#8221; _builder_version=&#8221;4.24.2&#8243; background_size=&#8221;initial&#8221; background_position=&#8221;top_left&#8221; background_repeat=&#8221;repeat&#8221; global_colors_info=&#8221;{}&#8221;]<\/p>\n<h2>4. Seguridad de los datos<\/h2>\n<p data-pm-slice=\"1 1 []\">Disponemos de medidas de seguridad t\u00e9cnicas y organizativas adecuadas para proteger tus datos personales contra el tratamiento no autorizado o il\u00edcito y contra su p\u00e9rdida, destrucci\u00f3n o da\u00f1o accidental, asegurando la integridad y confidencialidad de los mismos. Las medidas de seguridad t\u00e9cnicas y organizativas implantadas permiten: garantizar la confidencialidad, integridad, disponibilidad y resiliencia permanentes de los sistemas y servicios de tratamiento; restaurar la disponibilidad y el acceso a los datos de car\u00e1cter personal de forma r\u00e1pida en caso de incidente f\u00edsico o t\u00e9cnico; y verificar, evaluar y valorar de forma regular la eficacia de las medidas t\u00e9cnicas y organizativas implantadas para garantizar la seguridad del tratamiento.<\/p>\n<p>Estas medidas de seguridad t\u00e9cnicas y organizativas han sido dise\u00f1adas teniendo en cuenta nuestra infraestructura de TI, el estado de la t\u00e9cnica de acuerdo con los est\u00e1ndares y pr\u00e1cticas actuales, el coste de la aplicaci\u00f3n y la naturaleza, \u00e1mbito, contexto y fines del tratamiento, as\u00ed como los riesgos de diversa probabilidad y gravedad que entra\u00f1a el tratamiento para tus datos personales.<\/p>\n<p>[\/et_pb_text][et_pb_text admin_label=&#8221;5. \u00bfCu\u00e1l es la legitimaci\u00f3n para el tratamiento de tus datos?&#8221; _builder_version=&#8221;4.24.2&#8243; background_size=&#8221;initial&#8221; background_position=&#8221;top_left&#8221; background_repeat=&#8221;repeat&#8221; global_colors_info=&#8221;{}&#8221;]<\/p>\n<h2>5. \u00bfCu\u00e1l es la legitimaci\u00f3n para el tratamiento de tus datos?<\/h2>\n<p><strong>Legitimaci\u00f3n:<\/strong> La legitimaci\u00f3n para tratar tus datos de car\u00e1cter personal est\u00e1 basada en:<\/p>\n<ul>\n<li style=\"list-style-type: none;\">\n<ul>\n<li>La ejecuci\u00f3n y mantenimiento de una relaci\u00f3n contractual y comercial contigo, como, por ejemplo la contrataci\u00f3n de productos y servicios de la entidad, gesti\u00f3n y solicitud de presupuestos de los productos y\/o servicios de la entidad, todo ello de conformidad con lo dispuesto en el art\u00edculo 6.1.B del RGPD (UE) 679\/2016 y la Ley Org\u00e1nica 3\/2018, de 5 de diciembre (LOPDPGDD).<\/li>\n<li>Tu consentimiento expreso para una o varias finalidades, como por ejemplo el env\u00edo de comunicaciones publicitarias o boletines informativos propios o de terceros, gesti\u00f3n de env\u00edos de curriculum vitae, participaci\u00f3n en actividades o concursos, todo ello de conformidad con lo dispuesto el art\u00edculo 6.1.A del RGPD (UE) 679\/2016 y la Ley Org\u00e1nica 3\/2018, de 5 de diciembre (LOPDPGDD).<\/li>\n<li>El cumplimiento de distintas obligaciones legales, todo ello de conformidad con lo dispuesto en el art\u00edculo 6.1 .C del RGPD (UE) 679\/2016 y la Ley Org\u00e1nica 3\/2018, de 5 de diciembre (LOPDPGDD).<\/li>\n<li>La satisfacci\u00f3n de intereses leg\u00edtimos perseguidos por el responsable del tratamiento o por un tercero, por ejemplo, por motivos de seguridad, para mejorar nuestros servicios y o para gestionar tus solicitudes o consultas.<\/li>\n<\/ul>\n<\/li>\n<\/ul>\n<p>Durante el proceso de recogida de datos, y en cada lugar de la web en el que se soliciten datos de car\u00e1cter personal, el usuario ser\u00e1 informado, ya sea mediante un hiperv\u00ednculo, ya sea mediante la inclusi\u00f3n de las menciones oportunas en el propio formulario, del car\u00e1cter obligatorio o no de la recogida de sus datos de car\u00e1cter personal.<\/p>\n<p>Los datos personales solicitados en los formularios de la p\u00e1gina web son, con car\u00e1cter general, obligatorios (salvo que en el campo requerido se especifique lo contrario) para cumplir con las finalidades establecidas. Por lo tanto, si no se facilitan los datos personales solicitados, o no se facilitan correctamente, no podr\u00e1n atenderse las mismas.<\/p>\n<p>Existe la obligaci\u00f3n de facilitar tus datos de car\u00e1cter personal en los supuestos de contrataci\u00f3n de un servicio o producto, y\/o en aquellos supuestos de solicitud de presupuestos u ofertas.<\/p>\n<p>El env\u00edo de comunicaciones publicitarias, newsletter o boletines informativos de nuestros productos y servicios est\u00e1 basado en el consentimiento que se le solicita, sin que en ning\u00fan caso la retirada de este consentimiento condicione la relaci\u00f3n contractual o comercial que mantienes con nosotros.<\/p>\n<p>Si nos has autorizado a enviar publicidad de nuestros servicios y productos, tus datos de car\u00e1cter personal pueden ser utilizados para gestionar el env\u00edo de ofertas publicitarias y boletines informativos a trav\u00e9s de medios electr\u00f3nicos. En estos casos resulta de aplicaci\u00f3n lo dispuesto en los art. 20 y 21 de la ley 34\/2002, de 11 de julio, de servicios de la sociedad de la informaci\u00f3n y de comercio electr\u00f3nico, respecto al uso y tratamiento de tus datos de car\u00e1cter personal con el fin de gestionar el env\u00edo de publicidad por medios electr\u00f3nicos.<\/p>\n<p>En caso de que hayas marcado la opci\u00f3n de recibir publicidad, o si te has suscrito a nuestro newsletter o bolet\u00edn informativo, puedes cancelar esta opci\u00f3n en cualquier momento.<\/p>\n<p>[\/et_pb_text][et_pb_text admin_label=&#8221;6.  \u00bfA qu\u00e9 destinatarios se comunicar\u00e1n tus datos?&#8221; _builder_version=&#8221;4.24.2&#8243; background_size=&#8221;initial&#8221; background_position=&#8221;top_left&#8221; background_repeat=&#8221;repeat&#8221; global_colors_info=&#8221;{}&#8221;]<\/p>\n<h2>6. \u200b\u00bfA qu\u00e9 destinatarios se comunicar\u00e1n tus datos?<\/h2>\n<p data-pm-slice=\"1 1 []\"><strong>Destinatarios:<\/strong> Con car\u00e1cter general, tus datos de car\u00e1cter personal no se comunicar\u00e1n a ning\u00fan tercero ajeno a la entidad, salvo obligaci\u00f3n legal. No obstante, le informamos de que terceros proveedores pueden tener acceso a tus datos personales en calidad de encargados del tratamiento, en el marco de la prestaci\u00f3n de un servicio para la entidad responsable del tratamiento. Te informamos de que puede solicitar la relaci\u00f3n completa de los destinatarios que podr\u00e1n recibir tus datos personales como encargados de tratamiento o como terceros receptores por transferencia en el correo electr\u00f3nico: <strong>informacion@addomo.es<\/strong>. Adem\u00e1s de lo anterior, la entidad podr\u00e1 realizar cesiones o comunicaciones de datos personales para atender sus obligaciones ante las Administraciones P\u00fablicas en los casos que as\u00ed se requiera, de acuerdo con la legislaci\u00f3n vigente.<\/p>\n<p><strong>Transferencias internacionales de datos:<\/strong><\/p>\n<p>Para llevar a cabo las actividades de tratamiento de datos detalladas anteriormente, podemos transferir los datos a pa\u00edses de fuera del Espacio Econ\u00f3mico Europeo (EEE), y almacenar dichos datos en bases de datos f\u00edsicas o digitales gestionadas por entidades que act\u00faen en nuestro nombre. La gesti\u00f3n de bases de datos y el tratamiento de los datos se limitan a los fines del tratamiento, y se llevan a cabo seg\u00fan las leyes y normativas vigentes en materia de protecci\u00f3n de datos. En caso de que los datos se env\u00eden fuera del EEE, la empresa utilizar\u00e1 medidas contractuales adecuadas para garantizar la protecci\u00f3n de los datos, que pueden incluir, entre otros, contratos basados en las cl\u00e1usulas est\u00e1ndar de protecci\u00f3n de datos adoptadas por la Comisi\u00f3n Europea aplicables al env\u00edo de datos personales fuera del EEE.<\/p>\n<p>[\/et_pb_text][et_pb_text admin_label=&#8221;7. \u00bfQu\u00e9 derechos tienes en cuanto al tratamiento de tus datos personales?&#8221; _builder_version=&#8221;4.24.2&#8243; background_size=&#8221;initial&#8221; background_position=&#8221;top_left&#8221; background_repeat=&#8221;repeat&#8221; global_colors_info=&#8221;{}&#8221;]<\/p>\n<h2>7. \u00bfQu\u00e9 derechos tienes en cuanto al tratamiento de tus datos personales?<\/h2>\n<p><strong>Derechos:<\/strong> Tienes derecho a obtener el acceso a tus datos personales, as\u00ed como a solicitar la rectificaci\u00f3n de los datos inexactos o, en su caso, solicitar su supresi\u00f3n cuando, entre otros motivos, los datos que ya no sean necesarios para los fines que fueron recogidos. En determinadas circunstancias, puedes solicitar la limitaci\u00f3n del tratamiento de tus datos, en cuyo caso \u00fanicamente los conservaremos para el ejercicio o defensa de reclamaciones. Asimismo, y por motivos relacionados con tu situaci\u00f3n particular, puedes oponerte al tratamiento de tus datos, en cuyo caso tu informaci\u00f3n personal dejar\u00e1 de tratarse para aquellas finalidades respecto de las que hayas manifestado tu oposici\u00f3n. Cuando sea t\u00e9cnicamente posible, puedes solicitar la portabilidad de tus datos a otro responsable del tratamiento. Para ejercitar estos derechos, de conformidad con la legislaci\u00f3n vigente, puedes dirigirte por correo postal, adjuntando copia de un documento acreditativo de tu identidad (DNI), a <strong>TENTE CONSRUCCIONES MODULARES SL (ADDOMO)<\/strong> en <strong>Praza Horta de Abaixo, n\u00b02 L6. 15220 Bertamir\u00e1ns, Ames (A Coru\u00f1a)<\/strong> o al email <strong>informacion@addomo.es<\/strong>. Tienes derecho a presentar una Reclamaci\u00f3n ante la Autoridad de Control: Agencia Espa\u00f1ola de Protecci\u00f3n Datos (<a href=\"http:\/\/www.agpd.es\" data-inline-card=\"\" data-card-data=\"\">http:\/\/www.agpd.es<\/a> ). Procedencia de los Datos de Car\u00e1cter Personal: el propio interesado.<\/p>\n<p>Aceptas expresamente la inclusi\u00f3n de los datos de car\u00e1cter personal recabados durante la navegaci\u00f3n en la p\u00e1gina web y\/o proporcionados mediante la cumplimentaci\u00f3n de cualquier formulario, as\u00ed como los derivados de una posible relaci\u00f3n comercial, en los ficheros automatizados de datos de car\u00e1cter personal de la entidad.<\/p>\n<p>La entidad garantiza la confidencialidad de los datos de car\u00e1cter personal de los usuarios. No obstante, la entidad revelar\u00e1 a las autoridades p\u00fablicas competentes los datos personales y cualquier otra informaci\u00f3n que est\u00e9 en su poder o sea accesible a trav\u00e9s de sus sistemas y sea requerida, de conformidad con las disposiciones legales y reglamentarias aplicables al caso. Los datos de car\u00e1cter personal pueden ser conservados en los ficheros titularidad de <strong>TENTE CONSRUCCIONES MODULARES SL (ADDOMO)<\/strong> incluso una vez finalizadas las relaciones comerciales formalizadas a trav\u00e9s de la p\u00e1gina web de la entidad, exclusivamente para los fines indicados anteriormente y, en todo caso, durante los plazos legalmente establecidos, a disposici\u00f3n de autoridades administrativas o judiciales.<\/p>\n<p>[\/et_pb_text][et_pb_text admin_label=&#8221;8. Uso de redes sociales&#8221; _builder_version=&#8221;4.24.2&#8243; background_size=&#8221;initial&#8221; background_position=&#8221;top_left&#8221; background_repeat=&#8221;repeat&#8221; global_colors_info=&#8221;{}&#8221;]<\/p>\n<h2>8. Uso de redes sociales<\/h2>\n<p data-pm-slice=\"1 1 []\">Cuando interact\u00faas con nuestra p\u00e1gina web a trav\u00e9s de diversas redes sociales, como cuando se conecta o nos sigue o comparte nuestro contenido en redes sociales (Facebook, Twitter, LinkedIn, Instagram u otras), podemos recibir informaci\u00f3n procedente de dichas redes sociales, incluida informaci\u00f3n sobre tu perfil, ID de usuario asociada a tu cuenta en las redes sociales, y cualquier otra informaci\u00f3n p\u00fablica que permitas compartir con terceros en la red social.<\/p>\n<p data-pm-slice=\"1 1 []\">La entidad utiliza las redes sociales con la finalidad de informar sobre los servicios que ofrece, as\u00ed como de cualquier otra actividad o evento que se realice y se quiera dar publicidad, pero en ning\u00fan momento obtendr\u00e1 de las mismas datos personales de los usuarios que interact\u00faen en ellas, a menos que haya autorizaci\u00f3n expresa.<\/p>\n<p data-pm-slice=\"1 1 []\">Estos datos, solo son utilizados dentro de la propia red social y no son incorporados a ning\u00fan sistema de tratamiento.<\/p>\n<p data-pm-slice=\"1 1 []\">Las redes sociales tienen sus propias condiciones de uso y pol\u00edticas de privacidad que est\u00e1s obligado a tener en cuenta y a observar su cumplimiento si haces uso de ellas.<\/p>\n<p>[\/et_pb_text][\/et_pb_column][\/et_pb_row][\/et_pb_section]<\/p>\n","protected":false},"excerpt":{"rendered":"<p>Pol\u00edtica de Privacidad De conformidad con lo dispuesto en el Reglamento General de Protecci\u00f3n de Datos RGPD UE 679\/2016 y la Ley Org\u00e1nica 3\/2018 de 5 de Diciembre, de Protecci\u00f3n de Datos Personales y Garant\u00eda de los Derechos Digitales, se te facilita la siguiente informaci\u00f3n del tratamiento de tus datos de car\u00e1cter personal.1. \u00bfQui\u00e9n es [&hellip;]<\/p>\n","protected":false},"author":1,"featured_media":0,"parent":0,"menu_order":0,"comment_status":"closed","ping_status":"closed","template":"","meta":{"_seopress_robots_primary_cat":"","_seopress_titles_title":"Pol\u00edtica de Privacidade - Addomo","_seopress_titles_desc":"Pol\u00edtica de Privacidade - Addomo","_seopress_robots_index":"","_et_pb_use_builder":"on","_et_pb_old_content":"","_et_gb_content_width":"","footnotes":""},"_links":{"self":[{"href":"https:\/\/addomo.es\/gl\/wp-json\/wp\/v2\/pages\/5205"}],"collection":[{"href":"https:\/\/addomo.es\/gl\/wp-json\/wp\/v2\/pages"}],"about":[{"href":"https:\/\/addomo.es\/gl\/wp-json\/wp\/v2\/types\/page"}],"author":[{"embeddable":true,"href":"https:\/\/addomo.es\/gl\/wp-json\/wp\/v2\/users\/1"}],"replies":[{"embeddable":true,"href":"https:\/\/addomo.es\/gl\/wp-json\/wp\/v2\/comments?post=5205"}],"version-history":[{"count":4,"href":"https:\/\/addomo.es\/gl\/wp-json\/wp\/v2\/pages\/5205\/revisions"}],"predecessor-version":[{"id":6209,"href":"https:\/\/addomo.es\/gl\/wp-json\/wp\/v2\/pages\/5205\/revisions\/6209"}],"wp:attachment":[{"href":"https:\/\/addomo.es\/gl\/wp-json\/wp\/v2\/media?parent=5205"}],"curies":[{"name":"wp","href":"https:\/\/api.w.org\/{rel}","templated":true}]}}