{"id":5199,"date":"2024-07-26T15:18:05","date_gmt":"2024-07-26T14:18:05","guid":{"rendered":"https:\/\/addomo.es\/politica-de-cookies\/"},"modified":"2024-09-13T15:07:27","modified_gmt":"2024-09-13T14:07:27","slug":"politica-de-cookies","status":"publish","type":"page","link":"https:\/\/addomo.es\/gl\/politica-de-cookies\/","title":{"rendered":"Addomo Pol\u00edtica de Cookies"},"content":{"rendered":"<p>[et_pb_section fb_built=&#8221;1&#8243; _builder_version=&#8221;4.27.0&#8243; _module_preset=&#8221;default&#8221; global_colors_info=&#8221;{}&#8221;][et_pb_row _builder_version=&#8221;4.27.0&#8243; _module_preset=&#8221;default&#8221; global_colors_info=&#8221;{}&#8221;][et_pb_column type=&#8221;4_4&#8243; _builder_version=&#8221;4.27.0&#8243; _module_preset=&#8221;default&#8221; global_colors_info=&#8221;{}&#8221;][et_pb_text admin_label=&#8221;Pol\u00edtica de cookies&#8221; _builder_version=&#8221;4.27.0&#8243; _module_preset=&#8221;default&#8221; global_colors_info=&#8221;{}&#8221;]<\/p>\n<h1 style=\"text-align: left;\">Pol\u00edtica de cookies<\/h1>\n<p><i>Esta pol\u00edtica de cookies fue actualizada por \u00faltima vez el 26\/07\/2024 y se aplica a los ciudadanos y residentes legales permanentes del Espacio Econ\u00f3mico Europeo y Suiza.<\/i><\/p>\n<p>[\/et_pb_text][\/et_pb_column][\/et_pb_row][et_pb_row _builder_version=&#8221;4.27.0&#8243; _module_preset=&#8221;default&#8221; global_colors_info=&#8221;{}&#8221;][et_pb_column type=&#8221;4_4&#8243; _builder_version=&#8221;4.27.0&#8243; _module_preset=&#8221;default&#8221; global_colors_info=&#8221;{}&#8221;][et_pb_text admin_label=&#8221;1. Introducci\u00f3n&#8221; _builder_version=&#8221;4.27.0&#8243; _module_preset=&#8221;default&#8221; global_colors_info=&#8221;{}&#8221;]<\/p>\n<h2>1. Introducci\u00f3n<\/h2>\n<p>Nuestra web,\u00a0<a href=\"addomo.es\">addomo.es<\/a>\u00a0(en adelante: \u00abla web\u00bb) utiliza cookies y otras tecnolog\u00edas relacionadas (para mayor comodidad, todas las tecnolog\u00edas se denominan \u00abcookies\u00bb). Las cookies tambi\u00e9n son colocadas por terceros a los que hemos contratado. En el siguiente documento te informamos sobre el uso de cookies en nuestra web.<\/p>\n<p>[\/et_pb_text][et_pb_text admin_label=&#8221;2. \u00bfQu\u00e9 son las cookies?&#8221; _builder_version=&#8221;4.27.0&#8243; _module_preset=&#8221;default&#8221; global_colors_info=&#8221;{}&#8221;]<\/p>\n<h2>2. \u00bfQu\u00e9 son las cookies?<\/h2>\n<p>Una cookie es un peque\u00f1o archivo que se env\u00eda junto con las p\u00e1ginas de esta web y que tu navegador almacena en el disco duro de su ordenador u otro dispositivo. La informaci\u00f3n almacenada puede ser devuelta a nuestros servidores o a los servidores de terceros apropiados durante una visita posterior.<\/p>\n<p>[\/et_pb_text][et_pb_text admin_label=&#8221;3. \u00bfQu\u00e9 son los scripts?&#8221; _builder_version=&#8221;4.27.0&#8243; _module_preset=&#8221;default&#8221; global_colors_info=&#8221;{}&#8221;]<\/p>\n<h2>3. \u00bfQu\u00e9 son los scripts?<\/h2>\n<p>Un script es un fragmento de c\u00f3digo de programa que se utiliza para hacer que nuestra web funcione correctamente y de forma interactiva. Este c\u00f3digo se ejecuta en nuestro servidor o en tu dispositivo.<\/p>\n<p>[\/et_pb_text][et_pb_text admin_label=&#8221;4. \u00bfQu\u00e9 es una baliza web?&#8221; _builder_version=&#8221;4.27.0&#8243; _module_preset=&#8221;default&#8221; global_colors_info=&#8221;{}&#8221;]<\/p>\n<h2>4. \u00bfQu\u00e9 es una baliza web?<\/h2>\n<p>Una baliza web (o una etiqueta de p\u00edxel) es una peque\u00f1a e invisible pieza de texto o imagen en una web que se utiliza para monitorear el tr\u00e1fico en una web. Para ello, se almacenan varios datos sobre usted mediante estas balizas web.<\/p>\n<p>[\/et_pb_text][et_pb_text admin_label=&#8221;5. Cookies&#8221; _builder_version=&#8221;4.27.0&#8243; _module_preset=&#8221;default&#8221; global_colors_info=&#8221;{}&#8221;]<\/p>\n<h2>5. Cookies<\/h2>\n<p>[\/et_pb_text][et_pb_text admin_label=&#8221;5.1 Cookies t\u00e9cnicas o funcionales&#8221; _builder_version=&#8221;4.27.0&#8243; _module_preset=&#8221;default&#8221; global_colors_info=&#8221;{}&#8221;]<\/p>\n<h3>5.1 Cookies t\u00e9cnicas o funcionales<\/h3>\n<p>Algunas cookies aseguran que ciertas partes de la web funcionen correctamente y que tus preferencias de usuario sigan record\u00e1ndose. Al colocar cookies funcionales, te facilitamos la visita a nuestra web. De esta manera, no necesitas introducir repetidamente la misma informaci\u00f3n cuando visitas nuestra web y, por ejemplo, los art\u00edculos permanecen en tu cesta de la compra hasta que hayas pagado. Podemos colocar estas cookies sin tu consentimiento.<\/p>\n<p>[\/et_pb_text][et_pb_text admin_label=&#8221;5.2 Cookies de estad\u00edsticas&#8221; _builder_version=&#8221;4.27.0&#8243; _module_preset=&#8221;default&#8221; global_colors_info=&#8221;{}&#8221;]<\/p>\n<h3>5.2 Cookies de estad\u00edsticas<\/h3>\n<p>Utilizamos cookies estad\u00edsticas para optimizar la experiencia de la web para nuestros usuarios. Con estas cookies estad\u00edsticas obtenemos informaci\u00f3n sobre el uso de nuestra web.\u00a0Te pedimos tu permiso para colocar cookies de estad\u00edsticas.<\/p>\n<p>[\/et_pb_text][et_pb_text admin_label=&#8221;5.3 Cookies de marketing\/seguimiento&#8221; _builder_version=&#8221;4.27.0&#8243; _module_preset=&#8221;default&#8221; global_colors_info=&#8221;{}&#8221;]<\/p>\n<h3>5.3 Cookies de marketing\/seguimiento<\/h3>\n<p>Las cookies de marketing\/seguimiento son cookies, o cualquier otra forma de almacenamiento local, usadas para crear perfiles de usuario para mostrar publicidad o para hacer el seguimiento del usuario en esta web o en varias webs con fines de marketing similares.<\/p>\n<p>[\/et_pb_text][et_pb_text admin_label=&#8221;6. Cookies usadas&#8221; _builder_version=&#8221;4.27.0&#8243; _module_preset=&#8221;default&#8221; global_colors_info=&#8221;{}&#8221;]<\/p>\n<h2>6. Cookies usadas<\/h2>\n<p>Las cookies de marketing\/seguimiento son cookies, o cualquier otra forma de almacenamiento local, usadas para crear perfiles de usuario para mostrar publicidad o para hacer el seguimiento del usuario en esta web o en varias webs con fines de marketing similares.<\/p>\n<p>[\/et_pb_text][et_pb_toggle title=&#8221;Wordpress (Funcional)&#8221; admin_label=&#8221;Wordpress&#8221; _builder_version=&#8221;4.27.0&#8243; _module_preset=&#8221;default&#8221; global_colors_info=&#8221;{}&#8221;]<\/p>\n<p><strong>Uso<\/strong>: Usamos WordPress para desarrollo de sitios web.\u00a0<a href=\"https:\/\/cookiedatabase.org\/service\/wordpress\/\" target=\"_blank\" rel=\"noopener noreferrer nofollow\">Leer m\u00e1s<\/a><br \/><strong>Compartir datos<\/strong>: Estos datos no se comparten con terceros.<\/p>\n<table style=\"border-collapse: collapse; width: 100%;\" border=\"1\">\n<tbody>\n<tr>\n<td style=\"width: 33.3333%; text-align: center;\"><strong>Nombre<\/strong><\/td>\n<td style=\"width: 33.3333%; text-align: center;\"><strong>Caducidad<\/strong><\/td>\n<td style=\"width: 33.3333%; text-align: center;\"><strong>Funci\u00f3n<\/strong><\/td>\n<\/tr>\n<tr>\n<td style=\"width: 33.3333%;\"><a href=\"https:\/\/cookiedatabase.org\/cookie\/wordpress\/wpemojisettingssupports\/\" target=\"_blank\" rel=\"noopener noreferrer nofollow\">wpEmojiSettingsSupports<\/a><\/td>\n<td style=\"width: 33.3333%;\">sesi\u00f3n<\/td>\n<td style=\"width: 33.3333%;\">Guardar detalles del navegador<\/td>\n<\/tr>\n<\/tbody>\n<\/table>\n<p>[\/et_pb_toggle][et_pb_toggle title=&#8221;Google Analytics (Estad\u00edsticas)&#8221; admin_label=&#8221;Google Analytics&#8221; _builder_version=&#8221;4.27.0&#8243; _module_preset=&#8221;default&#8221; global_colors_info=&#8221;{}&#8221;]<\/p>\n<p><strong>Uso<\/strong>: Usamos Google Analytics para estad\u00edsticas del sitio web.\u00a0<a href=\"https:\/\/cookiedatabase.org\/service\/google-analytics\/\" target=\"_blank\" rel=\"noopener noreferrer nofollow\">Leer m\u00e1s<\/a><br \/><strong>Compartir datos<\/strong>: Para m\u00e1s informaci\u00f3n, por favor, lee la\u00a0<a href=\"https:\/\/business.safety.google\/privacy\/\" target=\"_blank\" rel=\"noopener noreferrer nofollow\">pol\u00edtica de privacidad de Google Analytics<\/a>.<\/p>\n<table style=\"border-collapse: collapse; width: 100%; height: 92px;\" border=\"1\">\n<tbody>\n<tr style=\"height: 23px;\">\n<td style=\"width: 33.3333%; text-align: center; height: 23px;\"><strong>Nombre<\/strong><\/td>\n<td style=\"width: 33.3333%; text-align: center; height: 23px;\"><strong>Caducidad<\/strong><\/td>\n<td style=\"width: 33.3333%; text-align: center; height: 23px;\"><strong>Funci\u00f3n<\/strong><\/td>\n<\/tr>\n<tr style=\"height: 23px;\">\n<td style=\"width: 33.3333%; height: 23px;\"><a href=\"https:\/\/cookiedatabase.org\/cookie\/google-analytics\/_gid\/\" target=\"_blank\" rel=\"noopener noreferrer nofollow\">_gid<\/a><\/td>\n<td style=\"width: 33.3333%; height: 23px;\">\n<div class=\"retention\">1 d\u00eda<\/div>\n<\/td>\n<td style=\"width: 33.3333%; height: 23px;\">Contar y rastrear p\u00e1ginas vistas<\/td>\n<\/tr>\n<tr style=\"height: 23px;\">\n<td style=\"width: 33.3333%; height: 23px;\"><a href=\"https:\/\/cookiedatabase.org\/cookie\/google-analytics\/_ga\/\" target=\"_blank\" rel=\"noopener noreferrer nofollow\">_ga<\/a><\/td>\n<td style=\"width: 33.3333%; height: 23px;\">\n<div class=\"retention\">2 a\u00f1os<\/div>\n<\/td>\n<td style=\"width: 33.3333%; height: 23px;\">Contar y rastrear p\u00e1ginas vistas<\/td>\n<\/tr>\n<tr style=\"height: 23px;\">\n<td style=\"width: 33.3333%; height: 23px;\"><a href=\"https:\/\/cookiedatabase.org\/cookie\/google-analytics\/_ga_\/\" target=\"_blank\" rel=\"noopener noreferrer nofollow\">_ga_*<\/a><\/td>\n<td style=\"width: 33.3333%; height: 23px;\">\n<div class=\"retention\">1 a\u00f1o<\/div>\n<\/td>\n<td style=\"width: 33.3333%; height: 23px;\">Contar y rastrear p\u00e1ginas vistas<\/td>\n<\/tr>\n<\/tbody>\n<\/table>\n<p>[\/et_pb_toggle][et_pb_toggle title=&#8221;WPML (Funcional)&#8221; admin_label=&#8221;WPML&#8221; _builder_version=&#8221;4.27.0&#8243; _module_preset=&#8221;default&#8221; global_colors_info=&#8221;{}&#8221;]<\/p>\n<p><strong>Uso<\/strong>: Usamos WPML para gesti\u00f3n local.\u00a0<a href=\"https:\/\/cookiedatabase.org\/service\/wpml\/\" target=\"_blank\" rel=\"noopener noreferrer nofollow\">Leer m\u00e1s<\/a><br \/><strong>Compartir datos<\/strong>: Estos datos no se comparten con terceros.<\/p>\n<table style=\"border-collapse: collapse; width: 100%; height: 92px;\" border=\"1\">\n<tbody>\n<tr style=\"height: 23px;\">\n<td style=\"width: 33.3333%; text-align: center; height: 23px;\"><strong>Nombre<\/strong><\/td>\n<td style=\"width: 33.3333%; text-align: center; height: 23px;\"><strong>Caducidad<\/strong><\/td>\n<td style=\"width: 33.3333%; text-align: center; height: 23px;\"><strong>Funci\u00f3n<\/strong><\/td>\n<\/tr>\n<tr style=\"height: 23px;\">\n<td style=\"width: 33.3333%; height: 23px;\"><a href=\"https:\/\/cookiedatabase.org\/cookie\/wpml\/wp-wpml_current_language\/\" target=\"_blank\" rel=\"noopener noreferrer nofollow\">wp-wpml_current_language<\/a><\/td>\n<td style=\"width: 33.3333%; height: 23px;\">\n<div class=\"retention\">1 d\u00eda<\/div>\n<\/td>\n<td style=\"width: 33.3333%; height: 23px;\">Guardar configuraciones de lenguaje<\/td>\n<\/tr>\n<\/tbody>\n<\/table>\n<p>[\/et_pb_toggle][et_pb_toggle title=&#8221;Google Fonts&#8221; admin_label=&#8221;Google Fonts&#8221; _builder_version=&#8221;4.27.0&#8243; _module_preset=&#8221;default&#8221; global_colors_info=&#8221;{}&#8221;]<\/p>\n<p><strong>Uso<\/strong>: Usamos Google Fonts para mostrar fuentes web.\u00a0<a href=\"https:\/\/cookiedatabase.org\/service\/google-fonts\/\" target=\"_blank\" rel=\"noopener noreferrer nofollow\">Leer m\u00e1s<\/a><br \/><strong>Compartir datos<\/strong>: Para m\u00e1s informaci\u00f3n, por favor, lee la\u00a0<a href=\"https:\/\/policies.google.com\/privacy\" target=\"_blank\" rel=\"noopener noreferrer nofollow\">pol\u00edtica de privacidad de Google Fonts<\/a>.<\/p>\n<table style=\"border-collapse: collapse; width: 100%; height: 92px;\" border=\"1\">\n<tbody>\n<tr style=\"height: 23px;\">\n<td style=\"width: 33.3333%; text-align: center; height: 23px;\"><strong>Nombre<\/strong><\/td>\n<td style=\"width: 33.3333%; text-align: center; height: 23px;\"><strong>Caducidad<\/strong><\/td>\n<td style=\"width: 33.3333%; text-align: center; height: 23px;\"><strong>Funci\u00f3n<\/strong><\/td>\n<\/tr>\n<tr style=\"height: 23px;\">\n<td style=\"width: 33.3333%; height: 23px;\">Google Fonts API<\/td>\n<td style=\"width: 33.3333%; height: 23px;\">\n<div class=\"retention\">\u00a0<\/div>\n<\/td>\n<td style=\"width: 33.3333%; height: 23px;\">\u00a0<\/td>\n<\/tr>\n<\/tbody>\n<\/table>\n<p>[\/et_pb_toggle][et_pb_toggle title=&#8221;Google Fonts&#8221; admin_label=&#8221;Google reCAPTCHA&#8221; _builder_version=&#8221;4.27.0&#8243; _module_preset=&#8221;default&#8221; global_colors_info=&#8221;{}&#8221;]<\/p>\n<p><strong>Uso<\/strong>: Usamos Google reCAPTCHA para prevenci\u00f3n de spam.\u00a0<a href=\"https:\/\/cookiedatabase.org\/service\/google-recaptcha\/\" target=\"_blank\" rel=\"noopener noreferrer nofollow\">Leer m\u00e1s<\/a><br \/><strong>Compartir datos<\/strong>: Para m\u00e1s informaci\u00f3n, por favor, lee la\u00a0<a href=\"https:\/\/policies.google.com\/privacy\" target=\"_blank\" rel=\"noopener noreferrer nofollow\">pol\u00edtica de privacidad de Google reCAPTCHA<\/a>.<\/p>\n<table style=\"border-collapse: collapse; width: 100%; height: 92px;\" border=\"1\">\n<tbody>\n<tr style=\"height: 23px;\">\n<td style=\"width: 33.3333%; text-align: center; height: 23px;\"><strong>Nombre<\/strong><\/td>\n<td style=\"width: 33.3333%; text-align: center; height: 23px;\"><strong>Caducidad<\/strong><\/td>\n<td style=\"width: 33.3333%; text-align: center; height: 23px;\"><strong>Funci\u00f3n<\/strong><\/td>\n<\/tr>\n<tr style=\"height: 23px;\">\n<td style=\"width: 33.3333%; height: 23px;\">rc::c<\/td>\n<td style=\"width: 33.3333%; height: 23px;\">\n<div class=\"retention\">\u00a0<\/div>\n<\/td>\n<td style=\"width: 33.3333%; height: 23px;\">\u00a0<\/td>\n<\/tr>\n<tr>\n<td style=\"width: 33.3333%;\">rc::b<\/td>\n<td style=\"width: 33.3333%;\">\n<div class=\"retention\">\u00a0<\/div>\n<\/td>\n<td style=\"width: 33.3333%;\">\u00a0<\/td>\n<\/tr>\n<tr>\n<td style=\"width: 33.3333%;\">rc::a<\/td>\n<td style=\"width: 33.3333%;\">\n<div class=\"retention\">\u00a0<\/div>\n<\/td>\n<td style=\"width: 33.3333%;\">\u00a0<\/td>\n<\/tr>\n<\/tbody>\n<\/table>\n<p>[\/et_pb_toggle][et_pb_text admin_label=&#8221;7. Consentimiento&#8221; _builder_version=&#8221;4.27.0&#8243; _module_preset=&#8221;default&#8221; global_colors_info=&#8221;{}&#8221;]<\/p>\n<h2>7. Consentimiento<\/h2>\n<p>Cuando visites nuestra web por primera vez, te mostraremos una ventana emergente con una explicaci\u00f3n sobre las cookies. Tan pronto como hagas clic en \u00abGuardar preferencias\u00bb, aceptas que usemos las categor\u00edas de cookies y plugins que has seleccionado en la ventana emergente, tal y como se describe en esta pol\u00edtica de cookies. Puedes desactivar el uso de cookies a trav\u00e9s de tu navegador, pero, por favor, ten en cuenta que nuestra web puede dejar de funcionar correctamente.<\/p>\n<p>[\/et_pb_text][et_pb_text admin_label=&#8221;7.1 Gestiona tus ajustes de consentimiento&#8221; _builder_version=&#8221;4.27.0&#8243; _module_preset=&#8221;default&#8221; global_colors_info=&#8221;{}&#8221;]<\/p>\n<h3>7.1 Gestiona tus ajustes de consentimiento<\/h3>\n<p>[\/et_pb_text][et_pb_toggle title=&#8221;Funcional (Siempre activo)&#8221; admin_label=&#8221;Funcional&#8221; _builder_version=&#8221;4.27.0&#8243; _module_preset=&#8221;default&#8221; global_colors_info=&#8221;{}&#8221;]<\/p>\n<p>El almacenamiento o acceso t\u00e9cnico es estrictamente necesario para el prop\u00f3sito leg\u00edtimo de permitir el uso de un servicio espec\u00edfico expl\u00edcitamente solicitado por el abonado o usuario, o con el \u00fanico prop\u00f3sito de llevar a cabo la transmisi\u00f3n de una comunicaci\u00f3n a trav\u00e9s de una red de comunicaciones electr\u00f3nicas.<\/p>\n<p>[\/et_pb_toggle][et_pb_toggle title=&#8221;Estad\u00edsticas&#8221; admin_label=&#8221;Estad\u00edsticas&#8221; _builder_version=&#8221;4.27.0&#8243; _module_preset=&#8221;default&#8221; global_colors_info=&#8221;{}&#8221;]<\/p>\n<p>El almacenamiento o acceso t\u00e9cnico que es utilizado exclusivamente con fines estad\u00edsticos.<\/p>\n<p>[\/et_pb_toggle][et_pb_toggle title=&#8221;Marketing&#8221; admin_label=&#8221;Marketing&#8221; _builder_version=&#8221;4.27.0&#8243; _module_preset=&#8221;default&#8221; global_colors_info=&#8221;{}&#8221;]<\/p>\n<p>El almacenamiento o acceso t\u00e9cnico es necesario para crear perfiles de usuario para enviar publicidad, o para rastrear al usuario en una web o en varias web con fines de marketing similares.<\/p>\n<p>[\/et_pb_toggle][et_pb_text admin_label=&#8221;8. Activaci\u00f3n\/desactivaci\u00f3n y borrado de cookies&#8221; _builder_version=&#8221;4.27.0&#8243; _module_preset=&#8221;default&#8221; global_colors_info=&#8221;{}&#8221;]<\/p>\n<h2>8. Activaci\u00f3n\/desactivaci\u00f3n y borrado de cookies<\/h2>\n<p>Puedes utilizar tu navegador de Internet para eliminar las cookies de forma autom\u00e1tica o manual. Tambi\u00e9n puedes especificar que ciertas cookies no pueden ser colocadas. Otra opci\u00f3n es cambiar los ajustes de tu navegador de Internet para que recibas un mensaje cada vez que se coloca una cookie. Para obtener m\u00e1s informaci\u00f3n sobre estas opciones, consulta las instrucciones de la secci\u00f3n \u00abAyuda\u00bb de tu navegador.<\/p>\n<p>Ten en cuenta que nuestra web puede no funcionar correctamente si todas las cookies est\u00e1n desactivadas. Si borras las cookies de tu navegador, se volver\u00e1n a colocar despu\u00e9s de tu consentimiento cuando vuelvas a visitar nuestras webs.<\/p>\n<p>[\/et_pb_text][et_pb_text admin_label=&#8221;9. Tus derechos con respecto a los datos personales&#8221; _builder_version=&#8221;4.27.0&#8243; _module_preset=&#8221;default&#8221; global_colors_info=&#8221;{}&#8221;]<\/p>\n<h2>9. Tus derechos con respecto a los datos personales<\/h2>\n<p>Tienes los siguientes derechos con respecto a tus datos personales:<\/p>\n<ul>\n<li>Tiene derecho a saber por qu\u00e9 se necesitan tus datos personales, qu\u00e9 suceder\u00e1 con ellos y durante cu\u00e1nto tiempo se conservar\u00e1n.<\/li>\n<li>Derecho de acceso: tienes derecho a acceder a tus datos personales que conocemos.<\/li>\n<li>Derecho de rectificaci\u00f3n: tienes derecho a completar, rectificar, borrar o bloquear tus datos personales cuando lo desees.<\/li>\n<li>Si nos das tu consentimiento para procesar tus datos, tienes derecho a revocar dicho consentimiento y a que se eliminen tus datos personales.<\/li>\n<li>Derecho de cesi\u00f3n de tus datos: tienes derecho a solicitar todos tus datos personales al responsable del tratamiento y a transferirlos \u00edntegramente a otro responsable del tratamiento.<\/li>\n<li>Derecho de oposici\u00f3n: puedes oponerte al tratamiento de tus datos. Nosotros cumplimos con esto, a menos que existan motivos justificados para el procesamiento.<\/li>\n<\/ul>\n<p>Para ejercer estos derechos, por favor, contacta con nosotros. Por favor, consulta los detalles de contacto en la parte inferior de esta pol\u00edtica de cookies. Si tienes alguna queja sobre c\u00f3mo gestionamos tus datos, nos gustar\u00eda que nos la hicieras saber, pero tambi\u00e9n tienes derecho a enviar una queja a la autoridad supervisora (la autoridad de protecci\u00f3n de datos).<\/p>\n<p>[\/et_pb_text][et_pb_text admin_label=&#8221;10. Datos de contacto&#8221; _builder_version=&#8221;4.27.0&#8243; _module_preset=&#8221;default&#8221; global_colors_info=&#8221;{}&#8221;]<\/p>\n<h2>10. Datos de contacto<\/h2>\n<p>Para preguntas y\/o comentarios sobre nuestra pol\u00edtica de cookies y esta declaraci\u00f3n, por favor, contacta con nosotros usando los siguientes datos de contacto:<\/p>\n<p>TENTE CONSRUCCIONES MODULARES SL (ADDOMO)<br \/>Praza Horta de Abaixo, n\u00b02 L6. 15220 Bertamir\u00e1ns, Ames (A Coru\u00f1a)<br \/>Espa\u00f1a<br \/>Web:\u00a0<a href=\"http:\/\/addomo.es\">addomo.es<\/a><br \/>Correo electr\u00f3nico:\u00a0informacion@addomo.es<br \/>N\u00famero de tel\u00e9fono: 881 60 70 09<\/p>\n<p>Esta pol\u00edtica de cookies se ha sincronizado con\u00a0<a href=\"https:\/\/cookiedatabase.org\/\" target=\"_blank\" rel=\"noopener\">cookiedatabase.org<\/a>\u00a0el 26\/07\/2024.<\/p>\n<p>[\/et_pb_text][\/et_pb_column][\/et_pb_row][\/et_pb_section]<\/p>\n","protected":false},"excerpt":{"rendered":"<p>Pol\u00edtica de cookies Esta pol\u00edtica de cookies fue actualizada por \u00faltima vez el 26\/07\/2024 y se aplica a los ciudadanos y residentes legales permanentes del Espacio Econ\u00f3mico Europeo y Suiza.1. Introducci\u00f3n Nuestra web,\u00a0addomo.es\u00a0(en adelante: \u00abla web\u00bb) utiliza cookies y otras tecnolog\u00edas relacionadas (para mayor comodidad, todas las tecnolog\u00edas se denominan \u00abcookies\u00bb). Las cookies tambi\u00e9n son [&hellip;]<\/p>\n","protected":false},"author":1,"featured_media":0,"parent":0,"menu_order":0,"comment_status":"closed","ping_status":"closed","template":"","meta":{"_seopress_robots_primary_cat":"","_seopress_titles_title":"Addomo Pol\u00edtica de Cookies","_seopress_titles_desc":"Addomo Pol\u00edtica de Cookies","_seopress_robots_index":"","_et_pb_use_builder":"on","_et_pb_old_content":"","_et_gb_content_width":"","footnotes":""},"_links":{"self":[{"href":"https:\/\/addomo.es\/gl\/wp-json\/wp\/v2\/pages\/5199"}],"collection":[{"href":"https:\/\/addomo.es\/gl\/wp-json\/wp\/v2\/pages"}],"about":[{"href":"https:\/\/addomo.es\/gl\/wp-json\/wp\/v2\/types\/page"}],"author":[{"embeddable":true,"href":"https:\/\/addomo.es\/gl\/wp-json\/wp\/v2\/users\/1"}],"replies":[{"embeddable":true,"href":"https:\/\/addomo.es\/gl\/wp-json\/wp\/v2\/comments?post=5199"}],"version-history":[{"count":3,"href":"https:\/\/addomo.es\/gl\/wp-json\/wp\/v2\/pages\/5199\/revisions"}],"predecessor-version":[{"id":6204,"href":"https:\/\/addomo.es\/gl\/wp-json\/wp\/v2\/pages\/5199\/revisions\/6204"}],"wp:attachment":[{"href":"https:\/\/addomo.es\/gl\/wp-json\/wp\/v2\/media?parent=5199"}],"curies":[{"name":"wp","href":"https:\/\/api.w.org\/{rel}","templated":true}]}}