{"id":5192,"date":"2024-02-29T11:23:08","date_gmt":"2024-02-29T10:23:08","guid":{"rendered":"https:\/\/addomo.es\/aviso-legal\/"},"modified":"2024-09-13T15:07:55","modified_gmt":"2024-09-13T14:07:55","slug":"aviso-legal","status":"publish","type":"page","link":"https:\/\/addomo.es\/gl\/aviso-legal\/","title":{"rendered":"Addomo &#8211; Aviso legal"},"content":{"rendered":"<p>[et_pb_section fb_built=&#8221;1&#8243; admin_label=&#8221;section&#8221; _builder_version=&#8221;4.16&#8243; global_colors_info=&#8221;{}&#8221;][et_pb_row admin_label=&#8221;row&#8221; _builder_version=&#8221;4.16&#8243; background_size=&#8221;initial&#8221; background_position=&#8221;top_left&#8221; background_repeat=&#8221;repeat&#8221; global_colors_info=&#8221;{}&#8221;][et_pb_column type=&#8221;4_4&#8243; _builder_version=&#8221;4.16&#8243; custom_padding=&#8221;|||&#8221; global_colors_info=&#8221;{}&#8221; custom_padding__hover=&#8221;|||&#8221;][et_pb_text admin_label=&#8221;Aviso legal&#8221; _builder_version=&#8221;4.24.2&#8243; _module_preset=&#8221;default&#8221; global_colors_info=&#8221;{}&#8221;]<\/p>\n<h1>Aviso legal<\/h1>\n<p >De conformidad con lo dispuesto en los art\u00edculos 10 y 11 de la Ley 34\/ 2002, de 11 de julio, de Servicios de la Sociedad de la Informaci\u00f3n y de Comercio Electr\u00f3nico se pone a disposici\u00f3n de los usuarios y visitantes la informaci\u00f3n legal relativa a la entidad propietaria del sitio web ubicado en la direcci\u00f3n de Internet <strong>addomo.es<\/strong><\/p>\n<p>[\/et_pb_text][et_pb_text admin_label=&#8221;1. Titular de la p\u00e1gina web&#8221; _builder_version=&#8221;4.24.2&#8243; _module_preset=&#8221;default&#8221; global_colors_info=&#8221;{}&#8221;]<\/p>\n<h2>1. Titular de la p\u00e1gina web<\/h2>\n<p data-pm-slice=\"1 1 []\">Denominaci\u00f3n Social: <strong>TENTE CONSRUCCIONES MODULARES SL (ADDOMO)<\/strong><br \/>CIF\/NIF: <strong>B70254255<\/strong><br \/>Domicilio Social: <strong>Praza Horta de Abaixo, n\u00b02 L6. 15220 Bertamir\u00e1ns, Ames (A Coru\u00f1a)<\/strong><br \/>Tel\u00e9fono: <strong>881 60 70 09<\/strong><br \/>E-Mail: <strong>informacion@addomo.es<\/strong><br \/>Inscrito en el Registro Mercantil: <strong><\/strong><br \/>Actividad: <strong>Construcci\u00f3n<\/strong><\/p>\n<p>[\/et_pb_text][et_pb_text admin_label=&#8221;2. Condiciones de uso&#8221; _builder_version=&#8221;4.24.2&#8243; _module_preset=&#8221;default&#8221; global_colors_info=&#8221;{}&#8221;]<\/p>\n<h2>2. Condiciones de uso<\/h2>\n<p>Para navegar en esta p\u00e1gina web como visitante o para registrarse y poder acceder a los servicios ofrecidos por <strong>TENTE CONSRUCCIONES MODULARES SL (ADDOMO)<\/strong>, se deber\u00e1n aceptar las siguientes condiciones de servicio y uso:<\/p>\n<p>a) El usuario asume las presentes condiciones generales de uso y servicio de la p\u00e1gina web <strong>addomo.es<\/strong> .<br \/>Si el usuario no acepta las presentes condiciones, no podr\u00e1 hacer uso de los servicios y contenidos de la p\u00e1gina web <strong>addomo.es<\/strong>.<\/p>\n<p>b) Las presentes condiciones de uso regulan el acceso y utilizaci\u00f3n de la p\u00e1gina web <strong>addomo.es<\/strong> . La utilizaci\u00f3n de esta web le atribuye la condici\u00f3n de usuario desde el acceso e inicio de la navegaci\u00f3n en la misma. Desde el momento de acceso a cualquiera de sus contenidos, el usuario acepta de manera expresa las presentes condiciones generales. El usuario acepta las condiciones particulares aplicables de los diferentes servicios que oferta la entidad en la web a la que accede.<\/p>\n<p>c) A trav\u00e9s de la p\u00e1gina web, <strong>addomo.es<\/strong> se facilita a los usuarios el acceso y la utilizaci\u00f3n de diversa informaci\u00f3n y diversos servicios.<\/p>\n<p>d) El usuario debe ser mayor de edad para utilizar los servicios de la web <strong>addomo.es<\/strong> . Los menores de 18 a\u00f1os s\u00f3lo podr\u00e1n utilizar los Servicios de la Web <strong>addomo.es<\/strong> bajo la supervisi\u00f3n de un progenitor o un tutor legal.<\/p>\n<p>e) El usuario se compromete a realizar un uso adecuado de los contenidos y servicios de la p\u00e1gina web <strong>addomo.es<\/strong>. Este uso debe realizarse de conformidad con la Ley, las buenas costumbres, el orden p\u00fablico y con lo dispuesto en las presentes condiciones generales.<\/p>\n<p>f) Con car\u00e1cter general, para la prestaci\u00f3n de los servicios y el acceso a la informaci\u00f3n de la p\u00e1gina web no se exige la previa suscripci\u00f3n o registro del usuario. No obstante, <strong>TENTE CONSRUCCIONES MODULARES SL (ADDOMO)<\/strong>, condiciona la utilizaci\u00f3n de algunos de los servicios, ofertados en la web a la previa cumplimentaci\u00f3n del correspondiente registro o formulario de recogida de datos de car\u00e1cter personal del usuario. El citado registro se efectuar\u00e1 en la forma expresamente indicada en el propio servicio o en las condiciones particulares que, en su caso, lo regulen.<\/p>\n<p>g) El usuario asume la obligaci\u00f3n de no realizar ninguna actuaci\u00f3n que pueda da\u00f1ar, inutilizar, hacer inaccesible o deteriorar los contenidos, los servicios y\/o impedir un normal disfrute de la p\u00e1gina web <strong>addomo.es<\/strong> por otros usuarios. En particular, y a t\u00edtulo meramente enunciativo y no limitativo, el usuario se compromete a:<\/p>\n<p>No realizar ninguna acci\u00f3n que pueda afectar, destruir, alterar, inutilizar o da\u00f1ar datos de car\u00e1cter personal, programas o documentos electr\u00f3nicos que se encuentren en la web.<\/p>\n<p>No introducir, almacenar o difundir ning\u00fan programa de ordenador, datos, virus o c\u00f3digo que sea susceptible de causar da\u00f1os en la p\u00e1gina web, en cualquiera de los servicios, o en cualquiera de los equipos, sistemas o redes de la entidad, de cualquier otro usuario y\/o de cualquier proveedor de la entidad.<\/p>\n<p>[\/et_pb_text][et_pb_text admin_label=&#8221;3. Modificaciones&#8221; _builder_version=&#8221;4.24.2&#8243; _module_preset=&#8221;default&#8221; global_colors_info=&#8221;{}&#8221;]<\/p>\n<h2>3. Modificaciones<\/h2>\n<p>La entidad se reserva el derecho a modificar unilateralmente en cualquier momento las presentes condiciones debido a la existencia de nuevas circunstancias econ\u00f3micas y\/o comerciales que as\u00ed lo aconsejen, as\u00ed como por la modificaci\u00f3n, evoluci\u00f3n y promulgaci\u00f3n de leyes, reglamentos y normas de aplicaci\u00f3n que afecten a la prestaci\u00f3n del servicio y\/o aspectos conexos a ello. En estos casos, se proceder\u00e1 a su publicaci\u00f3n y aviso con la m\u00e1xima antelaci\u00f3n posible. De igual modo, se reserva el derecho a modificar, unilateralmente en cualquier momento la presentaci\u00f3n y configuraci\u00f3n de la web.<\/p>\n<p>[\/et_pb_text][et_pb_text admin_label=&#8221;4. Enlaces con terceros&#8221; _builder_version=&#8221;4.24.2&#8243; _module_preset=&#8221;default&#8221; global_colors_info=&#8221;{}&#8221;]<\/p>\n<h2>4. Enlaces con terceros<\/h2>\n<p>El presente Aviso Legal se refiere \u00fanicamente a la p\u00e1gina web, y no se aplica a los enlaces o a las p\u00e1ginas web de terceros accesibles a trav\u00e9s de la p\u00e1gina web. La entidad no es responsable del contenido de ninguna de las p\u00e1ginas web de destino de un enlace, ni de ning\u00fan enlace incluido en una p\u00e1gina web a la que se llegue desde la web de la entidad.<\/p>\n<p>[\/et_pb_text][et_pb_text admin_label=&#8221;5. Propiedad Intelectual&#8221; _builder_version=&#8221;4.24.2&#8243; _module_preset=&#8221;default&#8221; global_colors_info=&#8221;{}&#8221;]<\/p>\n<h2>5. Propiedad Intelectual<\/h2>\n<p>Todos los contenidos de la p\u00e1gina web son titularidad exclusiva de la entidad y, con car\u00e1cter enunciativo, que no limitativo, el dise\u00f1o gr\u00e1fico, c\u00f3digo fuente, logos, textos, gr\u00e1ficos, ilustraciones, fotograf\u00edas, y dem\u00e1s elementos que aparecen en la p\u00e1gina web. As\u00ed mismo los nombres comerciales, marcas o signos distintivos de cualquier clase contenidos en la p\u00e1gina web est\u00e1n protegidos por la Ley de propiedad intelectual e industrial. Corresponde a la entidad el ejercicio exclusivo de los derechos de explotaci\u00f3n de la propiedad intelectual mencionada, en cualquier forma y, en especial, los derechos de reproducci\u00f3n, distribuci\u00f3n y comunicaci\u00f3n p\u00fablica. El usuario tiene prohibido cualquier uso no consentido total o parcial de cualquiera de los contenidos de la p\u00e1gina web que integran los derechos de propiedad intelectual o industrial de la entidad sobre la p\u00e1gina y\/o sus contenidos.<\/p>\n<p>La entidad se reserva el derecho a realizar cualquier tipo de acci\u00f3n legal contra cualquier usuario que realice una acci\u00f3n que implique reproducci\u00f3n, distribuci\u00f3n, comercializaci\u00f3n, transformaci\u00f3n y, en general, cualquier otra forma de explotaci\u00f3n, por cualquier procedimiento, de todo o parte de los contenidos de la p\u00e1gina web, y que constituya una infracci\u00f3n de los derechos de propiedad intelectual y\/o industrial de la misma.[\/et_pb_text][et_pb_text admin_label=&#8221;6. Notificaciones&#8221; _builder_version=&#8221;4.24.2&#8243; _module_preset=&#8221;default&#8221; global_colors_info=&#8221;{}&#8221;]<\/p>\n<h2>7. Legislaci\u00f3n aplicable<\/h2>\n<p>Las relaciones establecidas entre el titular de la p\u00e1gina web y el usuario se regir\u00e1n por la normativa espa\u00f1ola vigente, y la resoluci\u00f3n de cualquier posible controversia que pueda surgir quedar\u00e1 sometida a los Juzgados y Tribunales competentes. En el caso de que el usuario tenga la condici\u00f3n de consumidor, ser\u00e1n Competentes los Juzgados y Tribunales que correspondan seg\u00fan lo previsto en la normativa de consumidores vigente.<\/p>\n<p>[\/et_pb_text][\/et_pb_column][\/et_pb_row][\/et_pb_section]<\/p>\n","protected":false},"excerpt":{"rendered":"<p>Aviso legal De conformidad con lo dispuesto en los art\u00edculos 10 y 11 de la Ley 34\/ 2002, de 11 de julio, de Servicios de la Sociedad de la Informaci\u00f3n y de Comercio Electr\u00f3nico se pone a disposici\u00f3n de los usuarios y visitantes la informaci\u00f3n legal relativa a la entidad propietaria del sitio web ubicado [&hellip;]<\/p>\n","protected":false},"author":1,"featured_media":0,"parent":0,"menu_order":0,"comment_status":"closed","ping_status":"closed","template":"","meta":{"_seopress_robots_primary_cat":"","_seopress_titles_title":"Addomo - Aviso legal","_seopress_titles_desc":"Addomo - Aviso legal","_seopress_robots_index":"","_et_pb_use_builder":"on","_et_pb_old_content":"","_et_gb_content_width":"","footnotes":""},"_links":{"self":[{"href":"https:\/\/addomo.es\/gl\/wp-json\/wp\/v2\/pages\/5192"}],"collection":[{"href":"https:\/\/addomo.es\/gl\/wp-json\/wp\/v2\/pages"}],"about":[{"href":"https:\/\/addomo.es\/gl\/wp-json\/wp\/v2\/types\/page"}],"author":[{"embeddable":true,"href":"https:\/\/addomo.es\/gl\/wp-json\/wp\/v2\/users\/1"}],"replies":[{"embeddable":true,"href":"https:\/\/addomo.es\/gl\/wp-json\/wp\/v2\/comments?post=5192"}],"version-history":[{"count":3,"href":"https:\/\/addomo.es\/gl\/wp-json\/wp\/v2\/pages\/5192\/revisions"}],"predecessor-version":[{"id":6205,"href":"https:\/\/addomo.es\/gl\/wp-json\/wp\/v2\/pages\/5192\/revisions\/6205"}],"wp:attachment":[{"href":"https:\/\/addomo.es\/gl\/wp-json\/wp\/v2\/media?parent=5192"}],"curies":[{"name":"wp","href":"https:\/\/api.w.org\/{rel}","templated":true}]}}