{"id":5172,"date":"2024-07-16T10:46:17","date_gmt":"2024-07-16T09:46:17","guid":{"rendered":"https:\/\/addomo.es\/addomo-casas-de-hormigon\/"},"modified":"2024-09-24T15:42:05","modified_gmt":"2024-09-24T14:42:05","slug":"addomo-casas-de-hormigon","status":"publish","type":"page","link":"https:\/\/addomo.es\/gl\/addomo-casas-de-hormigon\/","title":{"rendered":"Addomo &#8211; Casas de formig\u00f3n"},"content":{"rendered":"<p>[et_pb_section fb_built=&#8221;1&#8243; admin_label=&#8221;Header&#8221; _builder_version=&#8221;4.26.1&#8243; _module_preset=&#8221;default&#8221; custom_margin=&#8221;||0px||false|false&#8221; custom_padding=&#8221;||0px||false|false&#8221; collapsed=&#8221;on&#8221; global_colors_info=&#8221;{}&#8221;][et_pb_row _builder_version=&#8221;4.18.0&#8243; _module_preset=&#8221;default&#8221; border_color_all=&#8221;#000000&#8243; border_width_bottom=&#8221;1px&#8221; global_colors_info=&#8221;{}&#8221;][et_pb_column type=&#8221;4_4&#8243; _builder_version=&#8221;4.18.0&#8243; _module_preset=&#8221;default&#8221; global_colors_info=&#8221;{}&#8221;][et_pb_text _builder_version=&#8221;4.25.2&#8243; _module_preset=&#8221;c16985e1-e0d6-4022-964d-e2bfc04fa633&#8243; header_font=&#8221;|500|||||||&#8221; header_text_color=&#8221;#000000&#8243; header_font_size=&#8221;43px&#8221; header_line_height=&#8221;1.2em&#8221; custom_margin=&#8221;||||false|false&#8221; header_font_size_tablet=&#8221;40px&#8221; header_font_size_phone=&#8221;24px&#8221; header_font_size_last_edited=&#8221;on|desktop&#8221; global_colors_info=&#8221;{}&#8221;]<\/p>\n<h1>Casas de formig\u00f3n<\/h1>\n<p>[\/et_pb_text][\/et_pb_column][\/et_pb_row][et_pb_row column_structure=&#8221;1_3,1_3,1_3&#8243; use_custom_gutter=&#8221;on&#8221; gutter_width=&#8221;2&#8243; _builder_version=&#8221;4.26.1&#8243; _module_preset=&#8221;default&#8221; custom_padding=&#8221;0px|0px|0px|0px|false|false&#8221; global_colors_info=&#8221;{}&#8221;][et_pb_column type=&#8221;1_3&#8243; _builder_version=&#8221;4.26.1&#8243; _module_preset=&#8221;default&#8221; background_color=&#8221;#000000&#8243; custom_padding=&#8221;20px|10px|10px|10px|false|false&#8221; global_colors_info=&#8221;{}&#8221;][et_pb_text _builder_version=&#8221;4.26.1&#8243; _module_preset=&#8221;aaa7c440-590a-4078-ae0c-0f3c699ac51c&#8221; text_text_color=&#8221;#FFFFFF&#8221; header_font=&#8221;||||||||&#8221; header_text_color=&#8221;#FFFFFF&#8221; header_2_font=&#8221;&#8211;et_global_body_font|300|||||||&#8221; header_2_text_color=&#8221;#FFFFFF&#8221; header_2_font_size=&#8221;18px&#8221; header_2_line_height=&#8221;1.4em&#8221; header_3_font=&#8221;Space Grotesk|500|||||||&#8221; header_3_font_size=&#8221;28px&#8221; header_3_line_height=&#8221;1.4em&#8221; header_3_font_size_tablet=&#8221;20px&#8221; header_3_font_size_phone=&#8221;16px&#8221; header_3_font_size_last_edited=&#8221;on|phone&#8221; global_colors_info=&#8221;{}&#8221;]<\/p>\n<h2>O sistema patentado de construci\u00f3n de<strong> Addomo Formig\u00f3n<\/strong> \u00e9 o resultado de anos de investigaci\u00f3n buscando crear vivendas funcionais e eficientes nas que o dese\u00f1o non sexa s\u00f3 un obxecto de desexo aspiracional, sen\u00f3n unha realidade. <\/h2>\n<p>[\/et_pb_text][\/et_pb_column][et_pb_column type=&#8221;1_3&#8243; _builder_version=&#8221;4.26.1&#8243; _module_preset=&#8221;default&#8221; custom_padding=&#8221;20px|10px|10px|10px|false|false&#8221; global_colors_info=&#8221;{}&#8221;][et_pb_text _builder_version=&#8221;4.26.1&#8243; _module_preset=&#8221;4c43b4b6-66bf-432d-959a-705bda24a650&#8243; text_font=&#8221;Work Sans||||||||&#8221; text_line_height=&#8221;1.6em&#8221; hover_enabled=&#8221;0&#8243; header_font_size_tablet=&#8221;55px&#8221; header_font_size_last_edited=&#8221;off|desktop&#8221; global_colors_info=&#8221;{}&#8221; sticky_enabled=&#8221;0&#8243;]<\/p>\n<p>Este novo m\u00e9todo permite constru\u00edr ben e r\u00e1pido, reducindo as imperfecci\u00f3ns de soluci\u00f3ns m\u00e1is tradicionais. Para iso rec\u00f3rrese \u00e1 <strong>prefabricaci\u00f3n e ao dese\u00f1o previo,<\/strong> que permiten obter un resultado moi preciso cun traballo de montaxe m\u00e1is sinxela que non depende de forma exclusiva do bo facer do operario.<\/p>\n<p>[\/et_pb_text][\/et_pb_column][et_pb_column type=&#8221;1_3&#8243; _builder_version=&#8221;4.26.1&#8243; _module_preset=&#8221;default&#8221; custom_padding=&#8221;20px|10px|10px|10px|false|false&#8221; global_colors_info=&#8221;{}&#8221;][et_pb_text _builder_version=&#8221;4.26.1&#8243; _module_preset=&#8221;4c43b4b6-66bf-432d-959a-705bda24a650&#8243; text_font=&#8221;Work Sans||||||||&#8221; text_line_height=&#8221;1.6em&#8221; header_font_size_tablet=&#8221;55px&#8221; header_font_size_last_edited=&#8221;off|desktop&#8221; locked=&#8221;off&#8221; global_colors_info=&#8221;{}&#8221;]<\/p>\n<p>Os procesos contr\u00f3lanse en talleres e, ao industrializarlos, permiten reducir custos. Conseguindo <strong>bos resultados a bo prezo e acurtando os prazos.<\/strong><\/p>\n<p>Os responsables da creaci\u00f3n de Addomo foron os primeiros en confiar a construci\u00f3n da s\u00faa vivenda a este novo sistema.<\/p>\n<p>[\/et_pb_text][\/et_pb_column][\/et_pb_row][\/et_pb_section][et_pb_section fb_built=&#8221;1&#8243; _builder_version=&#8221;4.25.2&#8243; _module_preset=&#8221;default&#8221; background_color=&#8221;#f5f5f5&#8243; custom_padding=&#8221;20px|||||&#8221; global_colors_info=&#8221;{}&#8221;][et_pb_row use_custom_gutter=&#8221;on&#8221; gutter_width=&#8221;1&#8243; _builder_version=&#8221;4.25.2&#8243; _module_preset=&#8221;default&#8221; module_alignment=&#8221;center&#8221; global_colors_info=&#8221;{}&#8221;][et_pb_column type=&#8221;4_4&#8243; _builder_version=&#8221;4.25.2&#8243; _module_preset=&#8221;default&#8221; global_colors_info=&#8221;{}&#8221;][et_pb_portfolio fullwidth=&#8221;off&#8221; posts_number=&#8221;32&#8243; include_categories=&#8221;12&#8243; show_categories=&#8221;off&#8221; module_class=&#8221;de-portfolio-title three-column-portfolio&#8221; _builder_version=&#8221;4.26.1&#8243; _module_preset=&#8221;default&#8221; title_font_size=&#8221;18px&#8221; text_orientation=&#8221;center&#8221; global_colors_info=&#8221;{}&#8221;][\/et_pb_portfolio][\/et_pb_column][\/et_pb_row][\/et_pb_section]<\/p>\n","protected":false},"excerpt":{"rendered":"<p>Casas de formig\u00f3nO sistema patentado de construci\u00f3n de Addomo Formig\u00f3n \u00e9 o resultado de anos de investigaci\u00f3n buscando crear vivendas funcionais e eficientes nas que o dese\u00f1o non sexa s\u00f3 un obxecto de desexo aspiracional, sen\u00f3n unha realidade. Este novo m\u00e9todo permite constru\u00edr ben e r\u00e1pido, reducindo as imperfecci\u00f3ns de soluci\u00f3ns m\u00e1is tradicionais. Para iso [&hellip;]<\/p>\n","protected":false},"author":1,"featured_media":0,"parent":0,"menu_order":0,"comment_status":"closed","ping_status":"closed","template":"","meta":{"_seopress_robots_primary_cat":"","_seopress_titles_title":"Addomo - Casas de formig\u00f3n","_seopress_titles_desc":"El sistema patentado de construcci\u00f3n de Addomo Madera es el resultado de a\u00f1os de investigaci\u00f3n buscando crear viviendas funcionales y eficientes en las que el dise\u00f1o no sea solo un objeto de deseo aspiracional, sino una realidad.","_seopress_robots_index":"","_et_pb_use_builder":"on","_et_pb_old_content":"","_et_gb_content_width":"","footnotes":""},"_links":{"self":[{"href":"https:\/\/addomo.es\/gl\/wp-json\/wp\/v2\/pages\/5172"}],"collection":[{"href":"https:\/\/addomo.es\/gl\/wp-json\/wp\/v2\/pages"}],"about":[{"href":"https:\/\/addomo.es\/gl\/wp-json\/wp\/v2\/types\/page"}],"author":[{"embeddable":true,"href":"https:\/\/addomo.es\/gl\/wp-json\/wp\/v2\/users\/1"}],"replies":[{"embeddable":true,"href":"https:\/\/addomo.es\/gl\/wp-json\/wp\/v2\/comments?post=5172"}],"version-history":[{"count":5,"href":"https:\/\/addomo.es\/gl\/wp-json\/wp\/v2\/pages\/5172\/revisions"}],"predecessor-version":[{"id":6256,"href":"https:\/\/addomo.es\/gl\/wp-json\/wp\/v2\/pages\/5172\/revisions\/6256"}],"wp:attachment":[{"href":"https:\/\/addomo.es\/gl\/wp-json\/wp\/v2\/media?parent=5172"}],"curies":[{"name":"wp","href":"https:\/\/api.w.org\/{rel}","templated":true}]}}