{"id":4965,"date":"2024-06-20T07:18:16","date_gmt":"2024-06-20T06:18:16","guid":{"rendered":"https:\/\/addomo.es\/precios-calcula-el-precio-de-tu-casa-modular\/"},"modified":"2024-09-24T15:57:42","modified_gmt":"2024-09-24T14:57:42","slug":"prezos","status":"publish","type":"page","link":"https:\/\/addomo.es\/gl\/prezos\/","title":{"rendered":"Precios &#8211; Calcula o prezo da t\u00faa casa modular"},"content":{"rendered":"<p>[et_pb_section fb_built=&#8221;1&#8243; admin_label=&#8221;Call to Action&#8221; _builder_version=&#8221;4.25.1&#8243; _module_preset=&#8221;default&#8221; background_color=&#8221;RGBA(255,255,255,0)&#8221; collapsed=&#8221;off&#8221; global_colors_info=&#8221;{}&#8221;][et_pb_row _builder_version=&#8221;4.25.2&#8243; _module_preset=&#8221;default&#8221; global_colors_info=&#8221;{}&#8221;][et_pb_column type=&#8221;4_4&#8243; _builder_version=&#8221;4.25.2&#8243; _module_preset=&#8221;default&#8221; global_colors_info=&#8221;{}&#8221;][et_pb_text _builder_version=&#8221;4.25.2&#8243; _module_preset=&#8221;default&#8221; header_font_size=&#8221;42px&#8221; global_colors_info=&#8221;{}&#8221;]<\/p>\n<h1><span>Canto custa a casa dos teus so\u00f1os? <\/span><\/h1>\n<p>[\/et_pb_text][\/et_pb_column][\/et_pb_row][et_pb_row column_structure=&#8221;1_2,1_2&#8243; _builder_version=&#8221;4.19.0&#8243; _module_preset=&#8221;default&#8221; border_color_all=&#8221;#000000&#8243; border_width_top=&#8221;1px&#8221; global_colors_info=&#8221;{}&#8221;][et_pb_column type=&#8221;1_2&#8243; _builder_version=&#8221;4.18.0&#8243; _module_preset=&#8221;default&#8221; global_colors_info=&#8221;{}&#8221;][et_pb_text _builder_version=&#8221;4.25.0&#8243; _module_preset=&#8221;aaa7c440-590a-4078-ae0c-0f3c699ac51c&#8221; text_font=&#8221;Work Sans||||||||&#8221; header_font=&#8221;||||||||&#8221; header_3_font=&#8221;Work Sans|300|||||||&#8221; header_3_font_size=&#8221;28px&#8221; header_3_line_height=&#8221;1.4em&#8221; header_3_font_size_tablet=&#8221;20px&#8221; header_3_font_size_phone=&#8221;16px&#8221; header_3_font_size_last_edited=&#8221;on|phone&#8221; global_colors_info=&#8221;{}&#8221;]<\/p>\n<h3><span><\/span><\/h3>\n<p><span><\/span><\/p>\n<h3><span>Tes moi claro como \u00e9 a t\u00faa casa ideal: unha casi\u00f1a de madeira ou unha casa de formig\u00f3n, grande, luminosa, cun bonito xard\u00edn\u2026 Canto custa facer realidade o teu so\u00f1o? Calc\u00falao agora e sorpr\u00e9ndeche.<\/span><\/h3>\n<p>[\/et_pb_text][\/et_pb_column][et_pb_column type=&#8221;1_2&#8243; _builder_version=&#8221;4.18.0&#8243; _module_preset=&#8221;default&#8221; global_colors_info=&#8221;{}&#8221;][et_pb_text _builder_version=&#8221;4.27.0&#8243; _module_preset=&#8221;4c43b4b6-66bf-432d-959a-705bda24a650&#8243; text_font=&#8221;Work Sans|300|||||||&#8221; text_font_size=&#8221;16px&#8221; text_line_height=&#8221;1.6em&#8221; hover_enabled=&#8221;0&#8243; header_font_size_tablet=&#8221;55px&#8221; header_font_size_last_edited=&#8221;off|desktop&#8221; global_colors_info=&#8221;{}&#8221; sticky_enabled=&#8221;0&#8243;]<\/p>\n<p><span>Fixemos realidade a casa dos so\u00f1os de m\u00e1is de 150 clientes. Para iso, dedicamos moito tempo para co\u00f1ecer as s\u00faas preocupaci\u00f3ns, as s\u00faas necesidades e os seus gustos. Un tempo compartido no que nos fixemos tam\u00e9n amigos. <\/span><\/p>\n<p><span>Grazas a estas amizades, co\u00f1ecemos a novos clientes que seguen facendo crecer a familia <\/span><span>Addomo<\/span><span>. E a\u00ednda que somos familia numerosa, queremos seguir crecendo, co\u00f1ecendo novos amigos e facendo realidade as casas dos seus so\u00f1os. <\/span><\/p>\n<p><span style=\"color: #808080;\"><strong>Importante: Addomo s\u00f3 constr\u00fae en Galicia.<\/strong><\/span><\/p>\n<p>[\/et_pb_text][\/et_pb_column][\/et_pb_row][et_pb_row _builder_version=&#8221;4.25.2&#8243; _module_preset=&#8221;default&#8221; global_colors_info=&#8221;{}&#8221;][et_pb_column type=&#8221;4_4&#8243; _builder_version=&#8221;4.25.2&#8243; _module_preset=&#8221;default&#8221; global_colors_info=&#8221;{}&#8221;][et_pb_text _builder_version=&#8221;4.27.0&#8243; _module_preset=&#8221;default&#8221; header_font_size=&#8221;42px&#8221; custom_margin=&#8221;||-21px|||&#8221; custom_padding=&#8221;||0px||false|false&#8221; hover_enabled=&#8221;0&#8243; global_colors_info=&#8221;{}&#8221; sticky_enabled=&#8221;0&#8243;]<\/p>\n<h2>Calcula o prezo da t\u00faa casa<\/h2>\n<p>[\/et_pb_text][\/et_pb_column][\/et_pb_row][et_pb_row _builder_version=&#8221;4.19.0&#8243; _module_preset=&#8221;default&#8221; border_color_all=&#8221;#000000&#8243; border_width_top=&#8221;1px&#8221; global_colors_info=&#8221;{}&#8221;][et_pb_column type=&#8221;4_4&#8243; _builder_version=&#8221;4.18.0&#8243; _module_preset=&#8221;default&#8221; global_colors_info=&#8221;{}&#8221;][et_pb_code _builder_version=&#8221;4.25.2&#8243; _module_preset=&#8221;default&#8221; global_colors_info=&#8221;{}&#8221;]<div class=\"btQuoteBooking  c69e78f9017b70\" ><div class=\"btQuoteBookingWrap\"><div class=\"btQuoteBookingForm btActive\"><div class=\"btQuoteMBlock\"><div class=\"btQuoteItem\"><label>Superficie da casa (m\u00b2)<\/label><div class=\"btQuoteItemInput\"><div class=\"btQuoteSlider\" data-min=\"50\" data-max=\"300\" data-step=\"10\" data-price=\"1\" data-offset=\"0\"><\/div><span class=\"btQuoteSliderValue\"><\/span><\/div><\/div><\/div><div class=\"btQuoteMBlock\"><div class=\"btQuoteItem\"><label>Terraza (m\u00b2)<\/label><div class=\"btQuoteItemInput\"><div class=\"btQuoteSlider\" data-min=\"0\" data-max=\"300\" data-step=\"10\" data-price=\"1\" data-offset=\"0\"><\/div><span class=\"btQuoteSliderValue\"><\/span><\/div><\/div><\/div><div class=\"btQuoteMBlock\"><div class=\"btQuoteItem\"><label>Garaxe (m\u00b2)<\/label><div class=\"btQuoteItemInput\"><div class=\"btQuoteSlider\" data-min=\"0\" data-max=\"150\" data-step=\"15\" data-price=\"1\" data-offset=\"0\"><\/div><span class=\"btQuoteSliderValue\"><\/span><\/div><\/div><\/div><div class=\"btQuoteMBlock\"><div class=\"btQuoteItem\"><label>\u00bfDISP\u00d3N DUN TERREO?<\/label><div class=\"btQuoteItemInput\"><div id=\"69e78f9018439\" class=\"btQuoteSelect btContactField btDropDown\"><\/div><\/div><\/div><\/div><div class=\"btQuoteMBlock\"><div class=\"btQuoteItem\"><label>\u00bfOnde queres a t\u00faa casa?<\/label><div class=\"btQuoteItemInput\"><div id=\"69e78f90184e0\" class=\"btQuoteSelect btContactField btDropDown\"><\/div><div style=\"margin-top: 5px; text-align: left;\">* Importante: Addomo so constr\u00fae en Galicia.<\/div><\/div><\/div><\/div><div class=\"btTotalNextWrapper\"><div class=\"btQuoteTotal currencyAfter\"><span class=\"btQuoteTotalText\">Superficie total<\/span><span class=\"btQuoteTotalCalc\"><\/span><span class=\"btQuoteTotalCurrency\">m\u00b2<\/span><span class=\"htmlpreciofinal\" style=\"display:none\"><\/span><\/div><div class=\"boldBtn btnAccent btnSmall btnIco\"><button type=\"submit\" class=\"btContactNext\">Calcular prezo<\/button><\/div><\/div><\/div><div class=\"btTotalQuoteContactGroup\"><div class=\"btQuoteContact\"><div class=\"btQuoteItem\"><input type=\"text\" class=\"btContactName btContactField\" placeholder=\"Nome\"><\/div><div class=\"btQuoteItem\"><input type=\"text\" class=\"btContactEmail btContactField\" placeholder=\"Email\"><\/div><div class=\"btQuoteItem\"><input type=\"text\" class=\"btContactPhone btContactField\" placeholder=\"Tel\u00e9fono\"><\/div><div class=\"btQuoteItem\"><input type=\"text\" class=\"btContactAddress btContactField\" placeholder=\"Cidade\"><\/div><div class=\"btQuoteItem btQuoteItemFullWidth\"><textarea class=\"btContactMessage btContactField\" placeholder=\"Comentario (opcional)\"><\/textarea><\/div><div class=\"wpb_raw_code wpb_content_element wpb_raw_html aviso-privacidad\">\n        <div class=\"wpb_wrapper\">\n            <p style=\"text-align:center;margin-bottom:10px;color:#aaa;font-size:12px;\">Ao enviar o seguinte formulario aceptas o tratamiento dos datos que nos proporcionas de acordo a nosa <a target=\"_blank\" rel=\"nofollow\" href=\"\/privacidad\">pol\u00edtica de privacidade<\/a>.<\/p>\n        <\/div>\n    <\/div><div class=\"boldBtn btnAccent btnSmall btnIco\"><button type=\"submit\" class=\"btContactSubmit\">Calcular prezo<\/button><\/div><div class=\"btSubmitMessage\" style=\"display: block; margin-bottom: 400px;width: 100%\"><\/div><\/div><\/div><\/div><\/div>[\/et_pb_code][\/et_pb_column][\/et_pb_row][\/et_pb_section][et_pb_section fb_built=&#8221;1&#8243; admin_label=&#8221;Video&#8221; _builder_version=&#8221;4.25.2&#8243; _module_preset=&#8221;default&#8221; background_color=&#8221;#f5f5f6&#8243; custom_padding=&#8221;47px|||||&#8221; collapsed=&#8221;off&#8221; global_colors_info=&#8221;{}&#8221;][et_pb_row column_structure=&#8221;1_3,1_3,1_3&#8243; _builder_version=&#8221;4.18.0&#8243; _module_preset=&#8221;default&#8221; custom_padding=&#8221;||6px|||&#8221; global_colors_info=&#8221;{}&#8221;][et_pb_column type=&#8221;1_3&#8243; _builder_version=&#8221;4.18.0&#8243; _module_preset=&#8221;default&#8221; global_colors_info=&#8221;{}&#8221;][et_pb_text _builder_version=&#8221;4.27.0&#8243; _module_preset=&#8221;default&#8221; text_font=&#8221;Work Sans|300|||||||&#8221; text_font_size=&#8221;16px&#8221; header_2_line_height=&#8221;1.2em&#8221; hover_enabled=&#8221;0&#8243; global_colors_info=&#8221;{}&#8221; sticky_enabled=&#8221;0&#8243;]<\/p>\n<h2>Como son as casas Addomo?<\/h2>\n<p>&nbsp;<\/p>\n<p><span>Co sistema patentado por <\/span><span>Addomo<\/span><span> para a\u00a0construci\u00f3n de casas modulares\u00a0tentamos democratizar a arquitectura para crear vivendas de dese\u00f1o de gran calidade m\u00e1is alcanzables. <\/span><\/p>\n<p><span>As nosas casas ad\u00e1ptanse tanto as preferencias dos nosos clientes como \u00e1 contorna no que se emprazan.<\/span><\/p>\n<p>[\/et_pb_text][\/et_pb_column][et_pb_column type=&#8221;1_3&#8243; _builder_version=&#8221;4.18.0&#8243; _module_preset=&#8221;default&#8221; global_colors_info=&#8221;{}&#8221;][et_pb_image src=&#8221;https:\/\/addomo.es\/wp-content\/uploads\/2024\/06\/class-a-1.webp&#8221; alt=&#8221;Addomo &#8211; Casas ecologicas &#8211; clase A&#8221; title_text=&#8221;Addomo &#8211; Casas ecologicas &#8211; clase A&#8221; _builder_version=&#8221;4.25.2&#8243; _module_preset=&#8221;default&#8221; global_colors_info=&#8221;{}&#8221;][\/et_pb_image][\/et_pb_column][et_pb_column type=&#8221;1_3&#8243; _builder_version=&#8221;4.18.0&#8243; _module_preset=&#8221;default&#8221; global_colors_info=&#8221;{}&#8221;][et_pb_text _builder_version=&#8221;4.25.2&#8243; _module_preset=&#8221;default&#8221; text_font=&#8221;Work Sans|300|||||||&#8221; text_font_size=&#8221;16px&#8221; global_colors_info=&#8221;{}&#8221;]<\/p>\n<p>&nbsp;<\/p>\n<div class=\"textboxes\">\n<div class=\"col_b\">\n<div class=\"textbox\">\n<div class=\"textarea unknown\" id=\"contenedor\">Todas as nosas casas te\u00f1en unha base com\u00fan: son <strong>casas ecol\u00f3xicas<\/strong> cunha certificaci\u00f3n enerx\u00e9tica do <strong>grupo A,<\/strong> por caracter\u00edsticas como a s\u00faa gran capacidade de illamento ac\u00fastico e t\u00e9rmico, que fai que mante\u00f1an a calor no inverno e o fresco no ver\u00e1n, as cubertas planas que melloran a impermeabilizaci\u00f3n, ademais de permitir aproveitar a auga da choiva ou dar novos usos \u00e1 parte superior da casa como o seu axardinamento.<\/div>\n<\/div>\n<\/div>\n<\/div>\n<p>[\/et_pb_text][\/et_pb_column][\/et_pb_row][et_pb_row _builder_version=&#8221;4.25.2&#8243; _module_preset=&#8221;default&#8221; global_colors_info=&#8221;{}&#8221;][et_pb_column type=&#8221;4_4&#8243; _builder_version=&#8221;4.25.2&#8243; _module_preset=&#8221;default&#8221; global_colors_info=&#8221;{}&#8221;][et_pb_image src=&#8221;https:\/\/addomo.es\/wp-content\/uploads\/2024\/06\/addmo-alzado-casas.png&#8221; alt=&#8221;Addomo &#8211; Casa modulares &#8211; Alzado casa&#8221; title_text=&#8221;Addomo &#8211; Casa modulares &#8211; Alzado casa&#8221; _builder_version=&#8221;4.25.2&#8243; _module_preset=&#8221;default&#8221; global_colors_info=&#8221;{}&#8221;][\/et_pb_image][\/et_pb_column][\/et_pb_row][et_pb_row column_structure=&#8221;3_5,2_5&#8243; _builder_version=&#8221;4.25.2&#8243; _module_preset=&#8221;default&#8221; custom_padding=&#8221;||6px|||&#8221; global_colors_info=&#8221;{}&#8221;][et_pb_column type=&#8221;3_5&#8243; _builder_version=&#8221;4.18.0&#8243; _module_preset=&#8221;default&#8221; global_colors_info=&#8221;{}&#8221;][et_pb_text _builder_version=&#8221;4.27.0&#8243; _module_preset=&#8221;default&#8221; text_font=&#8221;Work Sans|300|||||||&#8221; text_font_size=&#8221;20px&#8221; hover_enabled=&#8221;0&#8243; global_colors_info=&#8221;{}&#8221; sticky_enabled=&#8221;0&#8243;]<\/p>\n<h2>Por que Addomo?<\/h2>\n<p>&nbsp;<\/p>\n<p>Porque sabemos o que buscan os nosos clientes: a m\u00e1xima calidade ao mellor prezo. O noso sistema de arquitectura modular require pouca man de obra por iso a maior parte do orzamento da casa destinarase aos materiais.<\/p>\n<p>Isto permite que, polo mesmo prezo ou menos, unha vivenda Addomo te\u00f1a un nivel de calidade moito maior que calquera outra.<\/p>\n<p>[\/et_pb_text][\/et_pb_column][et_pb_column type=&#8221;2_5&#8243; _builder_version=&#8221;4.25.2&#8243; _module_preset=&#8221;default&#8221; background_color=&#8221;#eaeaea&#8221; custom_padding=&#8221;1em|1em|1em|1em|false|false&#8221; global_colors_info=&#8221;{}&#8221;][et_pb_text _builder_version=&#8221;4.27.0&#8243; _module_preset=&#8221;default&#8221; text_font=&#8221;Work Sans|300|||||||&#8221; text_font_size=&#8221;16px&#8221; hover_enabled=&#8221;0&#8243; global_colors_info=&#8221;{}&#8221; sticky_enabled=&#8221;0&#8243;]<\/p>\n<p><span style=\"font-size: 23px;\">M\u00e1is de 150 so\u00f1os cumpridos<\/span><\/p>\n<div class=\"wpb_text_column wpb_content_element  \">\n<div class=\"wpb_wrapper\">\n<p>&nbsp;<\/p>\n<div class=\"wpb_text_column wpb_content_element   vc_custom_1678788944304\">\n<div class=\"wpb_wrapper\">\n<p class=\"p1\">Queres ver proxectos que xa se fixeron realidade? Accede \u00e1 nosa galer\u00eda de proxectos e sorpr\u00e9ndeche.<\/p>\n<\/div>\n<\/div>\n<\/div>\n<\/div>\n<div class=\"wpb_text_column wpb_content_element   vc_custom_1678788944304\">\n<div class=\"wpb_wrapper\"><\/div>\n<\/div>\n<p>&nbsp;<\/p>\n<p>[\/et_pb_text][et_pb_button button_url=&#8221;@ET-DC@eyJkeW5hbWljIjp0cnVlLCJjb250ZW50IjoicG9zdF9saW5rX3VybF9wYWdlIiwic2V0dGluZ3MiOnsicG9zdF9pZCI6IjM3MiJ9fQ==@&#8221; button_text=&#8221;Ver galer\u00eda de casas&#8221; button_alignment=&#8221;right&#8221; button_text_last_edited=&#8221;off|desktop&#8221; _builder_version=&#8221;4.26.1&#8243; _dynamic_attributes=&#8221;button_url&#8221; _module_preset=&#8221;31b4f027-aaa0-4f2f-ae02-959764e19e4f&#8221; custom_button=&#8221;on&#8221; button_text_size=&#8221;14px&#8221; button_text_color=&#8221;#000000&#8243; button_bg_color=&#8221;RGBA(255,255,255,0)&#8221; button_border_width=&#8221;2px&#8221; button_border_color=&#8221;#000000&#8243; button_border_radius=&#8221;0px&#8221; button_font=&#8221;Work Sans||||||||&#8221; custom_padding=&#8221;12px|24px|12px|24px|true|true&#8221; global_colors_info=&#8221;{}&#8221; button_text__hover_enabled=&#8221;off|desktop&#8221;][\/et_pb_button][\/et_pb_column][\/et_pb_row][\/et_pb_section][et_pb_section fb_built=&#8221;1&#8243; admin_label=&#8221;Call to Action&#8221; _builder_version=&#8221;4.25.2&#8243; _module_preset=&#8221;default&#8221; background_color=&#8221;#FFFFFF&#8221; custom_padding=&#8221;||22px|||&#8221; collapsed=&#8221;off&#8221; global_colors_info=&#8221;{}&#8221;][et_pb_row _builder_version=&#8221;4.25.1&#8243; _module_preset=&#8221;default&#8221; custom_margin=&#8221;-27px|auto||auto||&#8221; border_color_all=&#8221;#000000&#8243; global_colors_info=&#8221;{}&#8221;][et_pb_column type=&#8221;4_4&#8243; _builder_version=&#8221;4.18.0&#8243; _module_preset=&#8221;default&#8221; global_colors_info=&#8221;{}&#8221;][et_pb_text _builder_version=&#8221;4.25.2&#8243; _module_preset=&#8221;b327cbe4-b1d5-4b66-ad37-40c8f2f061ba&#8221; text_font=&#8221;&#8211;et_global_body_font|300|||||||&#8221; text_text_color=&#8221;#000000&#8243; text_font_size=&#8221;18px&#8221; header_font=&#8221;Work Sans||||||||&#8221; header_text_color=&#8221;#000000&#8243; header_2_font=&#8221;Work Sans|300|||||||&#8221; header_2_text_color=&#8221;#000000&#8243; header_2_font_size=&#8221;60px&#8221; header_2_line_height=&#8221;1.2em&#8221; header_3_text_color=&#8221;#000000&#8243; header_3_font_size=&#8221;24px&#8221; text_orientation=&#8221;center&#8221; background_layout=&#8221;dark&#8221; custom_margin=&#8221;||0px||false|false&#8221; header_2_font_size_tablet=&#8221;32px&#8221; header_2_font_size_phone=&#8221;20px&#8221; header_2_font_size_last_edited=&#8221;on|desktop&#8221; global_colors_info=&#8221;{}&#8221;]<\/p>\n<h3 style=\"text-align: center;\"><span>O l\u00edmie o pos ti<\/span><\/h3>\n<p style=\"text-align: center;\">As casas Addomo ad\u00e1ptanse totalmente \u00e1s necesidades e gustos de cada cliente.<\/p>\n<p>[\/et_pb_text][\/et_pb_column][\/et_pb_row][et_pb_row use_custom_gutter=&#8221;on&#8221; gutter_width=&#8221;1&#8243; _builder_version=&#8221;4.25.2&#8243; _module_preset=&#8221;default&#8221; custom_padding=&#8221;0px||||false|false&#8221; border_color_all=&#8221;#000000&#8243; global_colors_info=&#8221;{}&#8221;][et_pb_column type=&#8221;4_4&#8243; _builder_version=&#8221;4.18.0&#8243; _module_preset=&#8221;default&#8221; global_colors_info=&#8221;{}&#8221;][et_pb_gallery gallery_ids=&#8221;349,351,353,315&#8243; show_title_and_caption=&#8221;off&#8221; show_pagination=&#8221;off&#8221; hover_overlay_color=&#8221;rgba(255,255,255,0.72)&#8221; _builder_version=&#8221;4.25.2&#8243; _module_preset=&#8221;default&#8221; custom_padding=&#8221;0px||0px||false|false&#8221; global_colors_info=&#8221;{}&#8221;][\/et_pb_gallery][\/et_pb_column][\/et_pb_row][\/et_pb_section][et_pb_section fb_built=&#8221;1&#8243; admin_label=&#8221;Call to Action&#8221; _builder_version=&#8221;4.25.1&#8243; _module_preset=&#8221;default&#8221; background_color=&#8221;RGBA(255,255,255,0)&#8221; collapsed=&#8221;off&#8221; global_colors_info=&#8221;{}&#8221;][et_pb_row _builder_version=&#8221;4.25.2&#8243; _module_preset=&#8221;default&#8221; global_colors_info=&#8221;{}&#8221;][et_pb_column type=&#8221;4_4&#8243; _builder_version=&#8221;4.25.2&#8243; _module_preset=&#8221;default&#8221; global_colors_info=&#8221;{}&#8221;][et_pb_text _builder_version=&#8221;4.25.2&#8243; _module_preset=&#8221;default&#8221; header_font_size=&#8221;40px&#8221; header_2_font_size=&#8221;30px&#8221; global_colors_info=&#8221;{}&#8221;]<\/p>\n<h2>Preguntas frecuentes<\/h2>\n<p>[\/et_pb_text][\/et_pb_column][\/et_pb_row][et_pb_row _builder_version=&#8221;4.19.0&#8243; _module_preset=&#8221;default&#8221; border_color_all=&#8221;#000000&#8243; border_width_top=&#8221;1px&#8221; global_colors_info=&#8221;{}&#8221;][et_pb_column type=&#8221;4_4&#8243; _builder_version=&#8221;4.18.0&#8243; _module_preset=&#8221;default&#8221; global_colors_info=&#8221;{}&#8221;][et_pb_accordion open_toggle_background_color=&#8221;#FFFFFF&#8221; closed_toggle_background_color=&#8221;#FFFFFF&#8221; icon_color=&#8221;#000000&#8243; use_icon_font_size=&#8221;on&#8221; icon_font_size=&#8221;24px&#8221; _builder_version=&#8221;4.27.0&#8243; _module_preset=&#8221;default&#8221; toggle_font=&#8221;&#8211;et_global_body_font|700|||||||&#8221; toggle_font_size=&#8221;20px&#8221; closed_toggle_font=&#8221;&#8211;et_global_body_font|500|||||||&#8221; closed_toggle_font_size=&#8221;20px&#8221; body_font=&#8221;&#8211;et_global_body_font|300|||||||&#8221; body_font_size=&#8221;16px&#8221; custom_margin=&#8221;||||false|false&#8221; custom_padding=&#8221;||||false|false&#8221; hover_enabled=&#8221;0&#8243; border_width_all=&#8221;0px&#8221; border_width_bottom=&#8221;1px&#8221; global_colors_info=&#8221;{}&#8221; sticky_enabled=&#8221;0&#8243;][et_pb_accordion_item title=&#8221;Por que se constr\u00faen tan r\u00e1pido as casas Addomo?&#8221; open=&#8221;on&#8221; _builder_version=&#8221;4.27.0&#8243; _module_preset=&#8221;default&#8221; hover_enabled=&#8221;0&#8243; global_colors_info=&#8221;{}&#8221; sticky_enabled=&#8221;0&#8243;]<\/p>\n<p><span>O noso sistema de construci\u00f3n \u00e9 r\u00e1pido porque traballamos con elementos prefabricados de formig\u00f3n ou madeira, en funci\u00f3n do tipo de sistema <\/span><span>Addomo<\/span><span> que usemos co que, unha vez listos, s\u00f3 te\u00f1en que ser <\/span><span>engranados<\/span><span> no propio terreo, algo que o noso equipo de profesionais far\u00e1 en moi pouco tempo. <\/span><\/p>\n<p><span>Este sistema sup\u00f3n tam\u00e9n unha importante reduci\u00f3n do impacto ambiental na contorna, debido a que apenas se xeran residuos.<\/span><\/p>\n<p>[\/et_pb_accordion_item][et_pb_accordion_item title=&#8221;Por que son m\u00e1is baratas as casas Addomo?&#8221; _builder_version=&#8221;4.27.0&#8243; _module_preset=&#8221;default&#8221; hover_enabled=&#8221;0&#8243; global_colors_info=&#8221;{}&#8221; open=&#8221;off&#8221; sticky_enabled=&#8221;0&#8243;]<\/p>\n<p><span>Ao constru\u00edrse de forma moi r\u00e1pida, as casas <\/span><span>Addomo<\/span><span> requiren moi pouca man de obra. Mentres que na construci\u00f3n tradicional a man de obra sup\u00f3n un 70% do orzamento, no noso sistema por menos se obt\u00e9n m\u00e1is calidade porque a maior parte do investimento dest\u00ednase a materiais.<\/span><\/p>\n<p>[\/et_pb_accordion_item][et_pb_accordion_item title=&#8221;As casas Addomo son casas prefabricadas?&#8221; _builder_version=&#8221;4.27.0&#8243; _module_preset=&#8221;default&#8221; hover_enabled=&#8221;0&#8243; global_colors_info=&#8221;{}&#8221; open=&#8221;off&#8221; sticky_enabled=&#8221;0&#8243;]<\/p>\n<p><span>As nosas casas m\u00f3ntanse no propio terreo a\u00ednda que para iso util\u00edzanse bloques prefabricados, isto sup\u00f3n que as ancoraxes entre pezas non se poden danar no seu transporte, coma se fosen casas de certo tama\u00f1o prefabricadas nun taller. Son ademais vivendas totalmente personalizadas segundo os gustos do cliente e as circunstancias da contorna no que se van a situar. A pesar diso, te\u00f1en alg\u00fan punto en com\u00fan con <\/span><span>lascasas<\/span><span> prefabricadas, como son os seus prezos competitivos e a rapidez do sistema de construci\u00f3n.<\/span><\/p>\n<p>[\/et_pb_accordion_item][et_pb_accordion_item title=&#8221;Podo colocar unha casa Addomo nun terreo da mi\u00f1a propiedade?&#8221; _builder_version=&#8221;4.27.0&#8243; _module_preset=&#8221;default&#8221; hover_enabled=&#8221;0&#8243; global_colors_info=&#8221;{}&#8221; open=&#8221;off&#8221; sticky_enabled=&#8221;0&#8243;]<\/p>\n<p><span>Si, sempre que ese terreo estea legalmente habilitado para a construci\u00f3n. O concello ao que pertence a parcela ten esa informaci\u00f3n pero n\u00f3s mesmos podemos asesorarche.<\/span><\/p>\n<p>[\/et_pb_accordion_item][et_pb_accordion_item title=&#8221;As cubertas planas son seguras para zonas nas que chove moito?&#8221; _builder_version=&#8221;4.27.0&#8243; _module_preset=&#8221;default&#8221; hover_enabled=&#8221;0&#8243; global_colors_info=&#8221;{}&#8221; open=&#8221;off&#8221; sticky_enabled=&#8221;0&#8243;]<\/p>\n<p><span>Si, totalmente. Ofrecen unha impermeabilizaci\u00f3n continua con moi bos resultados. No noso sistema construtivo utilizamos l\u00e1minas en <\/span><span>EPDM<\/span><span>, que son pneum\u00e1ticos das marcas <\/span><span>Firestone<\/span><span>, <\/span><span>Giscosa<\/span><span>, #etc, e que nos ofrecen 20 anos de garant\u00eda sobre o produto. Tr\u00e1tase dunha garant\u00eda moi superior \u00e1 das cubertas da construci\u00f3n tradicional, de 3 anos.<\/span><\/p>\n<p>[\/et_pb_accordion_item][et_pb_accordion_item title=&#8221;Onde est\u00e1n as oficinas de Addomo?&#8221; _builder_version=&#8221;4.27.0&#8243; _module_preset=&#8221;default&#8221; hover_enabled=&#8221;0&#8243; global_colors_info=&#8221;{}&#8221; open=&#8221;off&#8221; sticky_enabled=&#8221;0&#8243;]<\/p>\n<p>As oficinas de Addomo Arquitectura modular at\u00f3panse en Bertamir\u00e1ns, a 15 minutos en coche de Santiago de Compostela. En Praza Horta de Abaixo n\u00ba2. Podes visitarnos no noso horario de oficina, de 9 a 14h e de 16 a 19h de luns a venres.<\/p>\n<p>[\/et_pb_accordion_item][\/et_pb_accordion][\/et_pb_column][\/et_pb_row][\/et_pb_section]<\/p>\n","protected":false},"excerpt":{"rendered":"<p>Canto custa a casa dos teus so\u00f1os? Tes moi claro como \u00e9 a t\u00faa casa ideal: unha casi\u00f1a de madeira ou unha casa de formig\u00f3n, grande, luminosa, cun bonito xard\u00edn\u2026 Canto custa facer realidade o teu so\u00f1o? Calc\u00falao agora e sorpr\u00e9ndeche.Fixemos realidade a casa dos so\u00f1os de m\u00e1is de 150 clientes. Para iso, dedicamos moito [&hellip;]<\/p>\n","protected":false},"author":1,"featured_media":0,"parent":0,"menu_order":0,"comment_status":"closed","ping_status":"closed","template":"","meta":{"_seopress_robots_primary_cat":"","_seopress_titles_title":"soporteAdmin","_seopress_titles_desc":"Co sistema patentado por Addomo para a construci\u00f3n de casas modular creamos vivendas de dese\u00f1o de gran calidade e m\u00e1is alcanzables.","_seopress_robots_index":"","_et_pb_use_builder":"on","_et_pb_old_content":"","_et_gb_content_width":"","footnotes":""},"_links":{"self":[{"href":"https:\/\/addomo.es\/gl\/wp-json\/wp\/v2\/pages\/4965"}],"collection":[{"href":"https:\/\/addomo.es\/gl\/wp-json\/wp\/v2\/pages"}],"about":[{"href":"https:\/\/addomo.es\/gl\/wp-json\/wp\/v2\/types\/page"}],"author":[{"embeddable":true,"href":"https:\/\/addomo.es\/gl\/wp-json\/wp\/v2\/users\/1"}],"replies":[{"embeddable":true,"href":"https:\/\/addomo.es\/gl\/wp-json\/wp\/v2\/comments?post=4965"}],"version-history":[{"count":38,"href":"https:\/\/addomo.es\/gl\/wp-json\/wp\/v2\/pages\/4965\/revisions"}],"predecessor-version":[{"id":6264,"href":"https:\/\/addomo.es\/gl\/wp-json\/wp\/v2\/pages\/4965\/revisions\/6264"}],"wp:attachment":[{"href":"https:\/\/addomo.es\/gl\/wp-json\/wp\/v2\/media?parent=4965"}],"curies":[{"name":"wp","href":"https:\/\/api.w.org\/{rel}","templated":true}]}}